{"id":7274,"date":"2023-07-09T16:11:57","date_gmt":"2023-07-09T16:11:57","guid":{"rendered":"https:\/\/barcelonaloptica.com\/?page_id=7274"},"modified":"2024-04-02T10:55:27","modified_gmt":"2024-04-02T10:55:27","slug":"ulleres-de-sol","status":"publish","type":"page","link":"https:\/\/barcelonaloptica.com\/es\/ulleres-de-sol\/","title":{"rendered":"Gafas de sol"},"content":{"rendered":"<div data-elementor-type=\"wp-page\" data-elementor-id=\"7274\" class=\"elementor elementor-7274\">\n\t\t\t\t\t\t<section class=\"elementor-section elementor-top-section elementor-element elementor-element-d2fce5d elementor-section-boxed elementor-section-height-default elementor-section-height-default\" data-id=\"d2fce5d\" data-element_type=\"section\">\n\t\t\t\t\t\t<div class=\"elementor-container elementor-column-gap-default\">\n\t\t\t\t\t<div class=\"elementor-column elementor-col-50 elementor-top-column elementor-element elementor-element-601124a\" data-id=\"601124a\" data-element_type=\"column\">\n\t\t\t<div class=\"elementor-widget-wrap elementor-element-populated\">\n\t\t\t\t\t\t<div class=\"elementor-element elementor-element-db9c76c elementor-pagination-position-outside elementor-invisible elementor-widget elementor-widget-image-carousel\" data-id=\"db9c76c\" data-element_type=\"widget\" data-settings=\"{&quot;slides_to_show&quot;:&quot;1&quot;,&quot;navigation&quot;:&quot;dots&quot;,&quot;_animation&quot;:&quot;fadeInRight&quot;,&quot;autoplay&quot;:&quot;yes&quot;,&quot;pause_on_hover&quot;:&quot;yes&quot;,&quot;pause_on_interaction&quot;:&quot;yes&quot;,&quot;autoplay_speed&quot;:5000,&quot;infinite&quot;:&quot;yes&quot;,&quot;effect&quot;:&quot;slide&quot;,&quot;speed&quot;:500}\" data-widget_type=\"image-carousel.default\">\n\t\t\t\t<div class=\"elementor-widget-container\">\n\t\t\t\t\t\t\t<div class=\"elementor-image-carousel-wrapper swiper\" role=\"region\" aria-roledescription=\"carousel\" aria-label=\"Carrusel d&#039;imatges\" dir=\"ltr\">\n\t\t\t<div class=\"elementor-image-carousel swiper-wrapper\" aria-live=\"off\">\n\t\t\t\t\t\t\t\t<div class=\"swiper-slide\" role=\"group\" aria-roledescription=\"slide\" aria-label=\"1 de 5\"><figure class=\"swiper-slide-inner\"><img decoding=\"async\" class=\"swiper-slide-image\" src=\"https:\/\/barcelonaloptica.com\/wp-content\/uploads\/2023\/07\/gafes-sol_0002_komono.jpg\" alt=\"Komono\" \/><figcaption class=\"elementor-image-carousel-caption\">Komono<\/figcaption><\/figure><\/div><div class=\"swiper-slide\" role=\"group\" aria-roledescription=\"slide\" aria-label=\"2 de 5\"><figure class=\"swiper-slide-inner\"><img decoding=\"async\" class=\"swiper-slide-image\" src=\"https:\/\/barcelonaloptica.com\/wp-content\/uploads\/2023\/07\/gafes-sol_0010_Persol.jpg\" alt=\"Persol\" \/><figcaption class=\"elementor-image-carousel-caption\">Persol<\/figcaption><\/figure><\/div><div class=\"swiper-slide\" role=\"group\" aria-roledescription=\"slide\" aria-label=\"3 de 5\"><figure class=\"swiper-slide-inner\"><img decoding=\"async\" class=\"swiper-slide-image\" src=\"https:\/\/barcelonaloptica.com\/wp-content\/uploads\/2023\/07\/gafes-sol_0000_Woodys.jpg\" alt=\"Woodys\" \/><figcaption class=\"elementor-image-carousel-caption\">Woodys<\/figcaption><\/figure><\/div><div class=\"swiper-slide\" role=\"group\" aria-roledescription=\"slide\" aria-label=\"4 de 5\"><figure class=\"swiper-slide-inner\"><img decoding=\"async\" class=\"swiper-slide-image\" src=\"https:\/\/barcelonaloptica.com\/wp-content\/uploads\/2023\/07\/gafes-sol_0008_Gucci.jpg\" alt=\"Gucci\" \/><figcaption class=\"elementor-image-carousel-caption\">Gucci<\/figcaption><\/figure><\/div><div class=\"swiper-slide\" role=\"group\" aria-roledescription=\"slide\" aria-label=\"5 de 5\"><figure class=\"swiper-slide-inner\"><img decoding=\"async\" class=\"swiper-slide-image\" src=\"https:\/\/barcelonaloptica.com\/wp-content\/uploads\/2023\/07\/gafes-sol_0004_Kaleos.jpg\" alt=\"Kaleos\" \/><figcaption class=\"elementor-image-carousel-caption\">Kaleos<\/figcaption><\/figure><\/div>\t\t\t<\/div>\n\t\t\t\t\t\t\t\n\t\t\t\t\t\t\t\t\t<div class=\"swiper-pagination\"><\/div>\n\t\t\t\t\t\t\t\t\t<\/div>\n\t\t\t\t\t\t<\/div>\n\t\t\t\t<\/div>\n\t\t\t\t<div class=\"elementor-element elementor-element-1951aa3 elementor-widget elementor-widget-restly_dot_shape\" data-id=\"1951aa3\" data-element_type=\"widget\" data-widget_type=\"restly_dot_shape.default\">\n\t\t\t\t<div class=\"elementor-widget-container\">\n\t\t\t\t\t        <div class=\"dot-shapes shape_dots dot-animate shapeanimation\"><\/div>\n        \t\t\t\t<\/div>\n\t\t\t\t<\/div>\n\t\t\t\t\t<\/div>\n\t\t<\/div>\n\t\t\t\t<div class=\"elementor-column elementor-col-50 elementor-top-column elementor-element elementor-element-be9ae58\" data-id=\"be9ae58\" data-element_type=\"column\">\n\t\t\t<div class=\"elementor-widget-wrap elementor-element-populated\">\n\t\t\t\t\t\t<div class=\"elementor-element elementor-element-e917209 elementor-widget elementor-widget-restly_about\" data-id=\"e917209\" data-element_type=\"widget\" data-widget_type=\"restly_about.default\">\n\t\t\t\t<div class=\"elementor-widget-container\">\n\t\t\t\t\t        <div class=\"restly-about-wrapper\">\n            <div class=\"restly-about-content\">\n                                \n                <h6 class=\"restly-about-stitle\"><span>Ulleres de sol a l' \u00d2ptica<\/span><\/h6>\n                \n                <h2 class=\"restly-about-title\">Protegir els teus ulls \u00e9s el m\u00e9s important<\/h2>\n                <div class=\"restly-about-dec\">\n                    <p>Ei, amant de l'estil i del sol! A punt per donar-li un toc de glamour als teus dies assolellats? <strong>Les ulleres de sol<\/strong> s\u00f3n el complement perfecte per elevar el teu look i protegir els teus ulls alhora! I, saps qu\u00e8? A <strong>l' \u00d2ptica<\/strong>, \u200b\u200btenim tot el que necessites per trobar l'estil que et senti millor.<\/p><p>Primer, parlem de la import\u00e0ncia de fer servir ulleres de sol. No es tracta nom\u00e9s de lluir fabul\u00f3s, \u00e9s q\u00fcesti\u00f3 de salut! Els raigs solars poden ser for\u00e7a entremaliats i poden causar estralls als teus preciosos ullets. Per\u00f2 no et preocupis, som aqu\u00ed per protegir-te. Les nostres ulleres de sol no nom\u00e9s s\u00f3n s\u00faper chic, sin\u00f3 que tamb\u00e9 bloquegen el 100% dels raigs UV. Ad\u00e9u, danys oculars!<\/p><p>Ara, el gran dilema: com escollir l'estil adequat? B\u00e9, no hi ha una regla fixa, per\u00f2 hi ha algunes pautes que et poden ajudar. A <strong>l'\u00d2ptica<\/strong>, \u200b\u200bcomptem amb un equip d'assessors de moda \u00f2ptics que estan a punt per oferir-vos un assessorament personalitzat. S\u00ed, ho has sentit b\u00e9! T'ajudarem a trobar les ulleres de sol que realcin els teus trets i s'adaptin al teu estil \u00fanic. Tenim una \u00e0mplia gamma d'estils perqu\u00e8 puguis triar. <\/p><p>I aqu\u00ed ve la millor part: una vegada trobis l'estil que et faci sentir com una aut\u00e8ntica estrella del rock, les nostres ulleres de sol de <strong>l'\u00d2ptica<\/strong> Barcelona no nom\u00e9s t'ofereixen protecci\u00f3 i estil, sin\u00f3 tamb\u00e9 durabilitat. Treballem amb marques reconegudes que utilitzen materials d'alta qualitat, perqu\u00e8 les ulleres de sol siguin les companyes d'aventures durant molt de temps.<\/p><p>Aleshores, qu\u00e8 est\u00e0s esperant? Vine a visitar-nos a <strong>l'\u00d2ptica<\/strong> i deixa'ns ajudar-te a trobar el parell perfecte d'ulleres de sol. Protegeix els teus ulls amb estil, treu a la llum la teva personalitat i prepara't per enlluernar tothom sota el sol. Ens veiem aviat!<\/p>                <\/div>\n            <\/div>\n        <\/div>\n        \t\t\t\t<\/div>\n\t\t\t\t<\/div>\n\t\t\t\t<div class=\"elementor-element elementor-element-d4f6e90 elementor-widget elementor-widget-restly_button\" data-id=\"d4f6e90\" data-element_type=\"widget\" data-widget_type=\"restly_button.default\">\n\t\t\t\t<div class=\"elementor-widget-container\">\n\t\t\t\t\t        <div class=\"restly-button-wrapper\">\n            <div class=\"restly-button\">\n                <a href=\"https:\/\/barcelonaloptica.com\/es\/marques\/\" class=\"theme-btns\"  >Veure marques<\/a>\n            <\/div>\n        <\/div>\n        \t\t\t\t<\/div>\n\t\t\t\t<\/div>\n\t\t\t\t\t<\/div>\n\t\t<\/div>\n\t\t\t\t\t<\/div>\n\t\t<\/section>\n\t\t\t\t<\/div>","protected":false},"excerpt":{"rendered":"<p>Komono Persol Woodys Gucci Kaleos Ulleres de sol a l&#8217; \u00d2ptica Protegir els teus ulls \u00e9s el m\u00e9s important Ei, amant de l&#8217;estil i del sol! A punt per donar-li un toc de glamour als teus dies assolellats? Les ulleres de sol s\u00f3n el complement perfecte per elevar el teu look i protegir els teus [&hellip;]<\/p>","protected":false},"author":1,"featured_media":0,"parent":0,"menu_order":0,"comment_status":"closed","ping_status":"closed","template":"blank-template.php","meta":{"footnotes":""},"class_list":["post-7274","page","type-page","status-publish","hentry"],"_links":{"self":[{"href":"https:\/\/barcelonaloptica.com\/es\/wp-json\/wp\/v2\/pages\/7274","targetHints":{"allow":["GET"]}}],"collection":[{"href":"https:\/\/barcelonaloptica.com\/es\/wp-json\/wp\/v2\/pages"}],"about":[{"href":"https:\/\/barcelonaloptica.com\/es\/wp-json\/wp\/v2\/types\/page"}],"author":[{"embeddable":true,"href":"https:\/\/barcelonaloptica.com\/es\/wp-json\/wp\/v2\/users\/1"}],"replies":[{"embeddable":true,"href":"https:\/\/barcelonaloptica.com\/es\/wp-json\/wp\/v2\/comments?post=7274"}],"version-history":[{"count":38,"href":"https:\/\/barcelonaloptica.com\/es\/wp-json\/wp\/v2\/pages\/7274\/revisions"}],"predecessor-version":[{"id":7884,"href":"https:\/\/barcelonaloptica.com\/es\/wp-json\/wp\/v2\/pages\/7274\/revisions\/7884"}],"wp:attachment":[{"href":"https:\/\/barcelonaloptica.com\/es\/wp-json\/wp\/v2\/media?parent=7274"}],"curies":[{"name":"wp","href":"https:\/\/api.w.org\/{rel}","templated":true}]}}