{"id":7374,"date":"2023-07-10T19:42:52","date_gmt":"2023-07-10T19:42:52","guid":{"rendered":"https:\/\/barcelonaloptica.com\/?page_id=7374"},"modified":"2023-11-18T10:58:49","modified_gmt":"2023-11-18T10:58:49","slug":"ulleres-graduades-2","status":"publish","type":"page","link":"https:\/\/barcelonaloptica.com\/es\/ulleres-graduades-2\/","title":{"rendered":"Ulleres graduades"},"content":{"rendered":"<div data-elementor-type=\"wp-page\" data-elementor-id=\"7374\" class=\"elementor elementor-7374\">\n\t\t\t\t\t\t<section class=\"elementor-section elementor-top-section elementor-element elementor-element-d2fce5d elementor-section-boxed elementor-section-height-default elementor-section-height-default\" data-id=\"d2fce5d\" data-element_type=\"section\">\n\t\t\t\t\t\t<div class=\"elementor-container elementor-column-gap-default\">\n\t\t\t\t\t<div class=\"elementor-column elementor-col-50 elementor-top-column elementor-element elementor-element-601124a\" data-id=\"601124a\" data-element_type=\"column\">\n\t\t\t<div class=\"elementor-widget-wrap elementor-element-populated\">\n\t\t\t\t\t\t<div class=\"elementor-element elementor-element-e476f45 elementor-pagination-position-outside elementor-invisible elementor-widget elementor-widget-image-carousel\" data-id=\"e476f45\" data-element_type=\"widget\" data-settings=\"{&quot;slides_to_show&quot;:&quot;1&quot;,&quot;navigation&quot;:&quot;dots&quot;,&quot;_animation&quot;:&quot;fadeInRight&quot;,&quot;autoplay&quot;:&quot;yes&quot;,&quot;pause_on_hover&quot;:&quot;yes&quot;,&quot;pause_on_interaction&quot;:&quot;yes&quot;,&quot;autoplay_speed&quot;:5000,&quot;infinite&quot;:&quot;yes&quot;,&quot;effect&quot;:&quot;slide&quot;,&quot;speed&quot;:500}\" data-widget_type=\"image-carousel.default\">\n\t\t\t\t<div class=\"elementor-widget-container\">\n\t\t\t\t\t\t\t<div class=\"elementor-image-carousel-wrapper swiper\" role=\"region\" aria-roledescription=\"carousel\" aria-label=\"Carrusel d&#039;imatges\" dir=\"ltr\">\n\t\t\t<div class=\"elementor-image-carousel swiper-wrapper\" aria-live=\"off\">\n\t\t\t\t\t\t\t\t<div class=\"swiper-slide\" role=\"group\" aria-roledescription=\"slide\" aria-label=\"1 de 5\"><figure class=\"swiper-slide-inner\"><img decoding=\"async\" class=\"swiper-slide-image\" src=\"https:\/\/barcelonaloptica.com\/wp-content\/uploads\/2023\/07\/ulleres-graduades-_0000_PROUD.jpg\" alt=\"Gafes graduades Proud\" \/><figcaption class=\"elementor-image-carousel-caption\">Proud<\/figcaption><\/figure><\/div><div class=\"swiper-slide\" role=\"group\" aria-roledescription=\"slide\" aria-label=\"2 de 5\"><figure class=\"swiper-slide-inner\"><img decoding=\"async\" class=\"swiper-slide-image\" src=\"https:\/\/barcelonaloptica.com\/wp-content\/uploads\/2023\/07\/ulleres-graduades-_0009_Ana_hickman.jpg\" alt=\"Gafes graduades Ana Hickman\" \/><figcaption class=\"elementor-image-carousel-caption\">Ana Hickman<\/figcaption><\/figure><\/div><div class=\"swiper-slide\" role=\"group\" aria-roledescription=\"slide\" aria-label=\"3 de 5\"><figure class=\"swiper-slide-inner\"><img decoding=\"async\" class=\"swiper-slide-image\" src=\"https:\/\/barcelonaloptica.com\/wp-content\/uploads\/2023\/07\/ulleres-graduades-_0004_plein-les-mirettes.jpg\" alt=\"Gafes graduades Plein Les Mirettes\" \/><figcaption class=\"elementor-image-carousel-caption\">Plein Les Mirettes<\/figcaption><\/figure><\/div><div class=\"swiper-slide\" role=\"group\" aria-roledescription=\"slide\" aria-label=\"4 de 5\"><figure class=\"swiper-slide-inner\"><img decoding=\"async\" class=\"swiper-slide-image\" src=\"https:\/\/barcelonaloptica.com\/wp-content\/uploads\/2023\/07\/ulleres-graduades-_0003_eco.jpg\" alt=\"Gafes graduades Eco\" \/><figcaption class=\"elementor-image-carousel-caption\">Eco<\/figcaption><\/figure><\/div><div class=\"swiper-slide\" role=\"group\" aria-roledescription=\"slide\" aria-label=\"5 de 5\"><figure class=\"swiper-slide-inner\"><img decoding=\"async\" class=\"swiper-slide-image\" src=\"https:\/\/barcelonaloptica.com\/wp-content\/uploads\/2023\/07\/ulleres-graduades-_0001_dilem.jpg\" alt=\"Gafes graduades Dilem\" \/><figcaption class=\"elementor-image-carousel-caption\">Dilem<\/figcaption><\/figure><\/div>\t\t\t<\/div>\n\t\t\t\t\t\t\t\n\t\t\t\t\t\t\t\t\t<div class=\"swiper-pagination\"><\/div>\n\t\t\t\t\t\t\t\t\t<\/div>\n\t\t\t\t\t\t<\/div>\n\t\t\t\t<\/div>\n\t\t\t\t<div class=\"elementor-element elementor-element-1951aa3 elementor-widget elementor-widget-restly_dot_shape\" data-id=\"1951aa3\" data-element_type=\"widget\" data-widget_type=\"restly_dot_shape.default\">\n\t\t\t\t<div class=\"elementor-widget-container\">\n\t\t\t\t\t        <div class=\"dot-shapes shape_dots dot-animate shapeanimation\"><\/div>\n        \t\t\t\t<\/div>\n\t\t\t\t<\/div>\n\t\t\t\t\t<\/div>\n\t\t<\/div>\n\t\t\t\t<div class=\"elementor-column elementor-col-50 elementor-top-column elementor-element elementor-element-be9ae58\" data-id=\"be9ae58\" data-element_type=\"column\">\n\t\t\t<div class=\"elementor-widget-wrap elementor-element-populated\">\n\t\t\t\t\t\t<div class=\"elementor-element elementor-element-e917209 elementor-widget elementor-widget-restly_about\" data-id=\"e917209\" data-element_type=\"widget\" data-widget_type=\"restly_about.default\">\n\t\t\t\t<div class=\"elementor-widget-container\">\n\t\t\t\t\t        <div class=\"restly-about-wrapper\">\n            <div class=\"restly-about-content\">\n                                \n                <h6 class=\"restly-about-stitle\"><span>Descobreix el m\u00f3n amb claredat i estil<\/span><\/h6>\n                \n                <h2 class=\"restly-about-title\">Una mirada ho diu tot <\/h2>\n                <div class=\"restly-about-dec\">\n                    <p>Necessites unes<strong> ulleres graduades<\/strong>? Doncs est\u00e0s de sort! A <strong>l'\u00d2ptica<\/strong> tenim una selecci\u00f3 incre\u00efble de models perqu\u00e8 trobis les ulleres perfectes per a tu.<\/p><p>El nostre equip est\u00e0 preparat per donar-te un assessorament personalitzat de primera. No et preocupis si no tens idea de quin estil et queda millor o quin tipus de lents necessites. Estem aqu\u00ed per ajudar-te a trobar la combinaci\u00f3 ideal que s'adapti a la teva cara i les teves necessitats visuals.<\/p><p>Parlant de varietat, tenim de tot tipus d'ulleres gradudes! Des d'estils cl\u00e0ssics fins als dissenys m\u00e9s avantguardistes. Sigui quin sigui el teu estil, estem segurs que trobar\u00e0s unes ulleres que t'encantaran. A m\u00e9s, treballem amb una gran varietat de marques reconegudes, aix\u00ed que pots estar segur que estar\u00e0s portant qualitat a la teva cara.<\/p><p>Per\u00f2 aix\u00f2 no \u00e9s tot, comptem amb taller propi. Si necessites algun ajustament a les teves ulleres o vols que els fem alguna modificaci\u00f3 especial, som aqu\u00ed per fer-ho realitat.<\/p><p>Aix\u00ed que ja saps, si cerques unes <strong>ulleres graduades<\/strong> que et facin veure i sentir genial, vine a visitar-nos a l' \u00d2ptica. Us assegurem una experi\u00e8ncia \u00fanica i unes ulleres que us faran lluir incre\u00efble. No esperis m\u00e9s per veure el m\u00f3n amb claredat i estil! T'esperem amb els bra\u00e7os oberts!<\/p>                <\/div>\n            <\/div>\n        <\/div>\n        \t\t\t\t<\/div>\n\t\t\t\t<\/div>\n\t\t\t\t<div class=\"elementor-element elementor-element-d4f6e90 elementor-widget elementor-widget-restly_button\" data-id=\"d4f6e90\" data-element_type=\"widget\" data-widget_type=\"restly_button.default\">\n\t\t\t\t<div class=\"elementor-widget-container\">\n\t\t\t\t\t        <div class=\"restly-button-wrapper\">\n            <div class=\"restly-button\">\n                <a href=\"https:\/\/barcelonaloptica.com\/es\/marques\/\" class=\"theme-btns\"  >Veure marques<\/a>\n            <\/div>\n        <\/div>\n        \t\t\t\t<\/div>\n\t\t\t\t<\/div>\n\t\t\t\t\t<\/div>\n\t\t<\/div>\n\t\t\t\t\t<\/div>\n\t\t<\/section>\n\t\t\t\t<section class=\"elementor-section elementor-top-section elementor-element elementor-element-c842621 elementor-section-boxed elementor-section-height-default elementor-section-height-default\" data-id=\"c842621\" data-element_type=\"section\">\n\t\t\t\t\t\t<div class=\"elementor-container elementor-column-gap-default\">\n\t\t\t\t\t<div class=\"elementor-column elementor-col-100 elementor-top-column elementor-element elementor-element-60df873\" data-id=\"60df873\" data-element_type=\"column\">\n\t\t\t<div class=\"elementor-widget-wrap\">\n\t\t\t\t\t\t\t<\/div>\n\t\t<\/div>\n\t\t\t\t\t<\/div>\n\t\t<\/section>\n\t\t\t\t<section class=\"elementor-section elementor-top-section elementor-element elementor-element-a717dc6 elementor-section-boxed elementor-section-height-default elementor-section-height-default\" data-id=\"a717dc6\" data-element_type=\"section\">\n\t\t\t\t\t\t<div class=\"elementor-container elementor-column-gap-default\">\n\t\t\t\t\t<div class=\"elementor-column elementor-col-100 elementor-top-column elementor-element elementor-element-0614ebd\" data-id=\"0614ebd\" data-element_type=\"column\">\n\t\t\t<div class=\"elementor-widget-wrap\">\n\t\t\t\t\t\t\t<\/div>\n\t\t<\/div>\n\t\t\t\t\t<\/div>\n\t\t<\/section>\n\t\t\t\t<\/div>","protected":false},"excerpt":{"rendered":"<p>Proud Ana Hickman Plein Les Mirettes Eco Dilem Descobreix el m\u00f3n amb claredat i estil Una mirada ho diu tot Necessites unes ulleres graduades? Doncs est\u00e0s de sort! A l&#8217;\u00d2ptica tenim una selecci\u00f3 incre\u00efble de models perqu\u00e8 trobis les ulleres perfectes per a tu. El nostre equip est\u00e0 preparat per donar-te un assessorament personalitzat de [&hellip;]<\/p>","protected":false},"author":1,"featured_media":0,"parent":0,"menu_order":0,"comment_status":"closed","ping_status":"closed","template":"blank-template.php","meta":{"footnotes":""},"class_list":["post-7374","page","type-page","status-publish","hentry"],"_links":{"self":[{"href":"https:\/\/barcelonaloptica.com\/es\/wp-json\/wp\/v2\/pages\/7374","targetHints":{"allow":["GET"]}}],"collection":[{"href":"https:\/\/barcelonaloptica.com\/es\/wp-json\/wp\/v2\/pages"}],"about":[{"href":"https:\/\/barcelonaloptica.com\/es\/wp-json\/wp\/v2\/types\/page"}],"author":[{"embeddable":true,"href":"https:\/\/barcelonaloptica.com\/es\/wp-json\/wp\/v2\/users\/1"}],"replies":[{"embeddable":true,"href":"https:\/\/barcelonaloptica.com\/es\/wp-json\/wp\/v2\/comments?post=7374"}],"version-history":[{"count":43,"href":"https:\/\/barcelonaloptica.com\/es\/wp-json\/wp\/v2\/pages\/7374\/revisions"}],"predecessor-version":[{"id":7746,"href":"https:\/\/barcelonaloptica.com\/es\/wp-json\/wp\/v2\/pages\/7374\/revisions\/7746"}],"wp:attachment":[{"href":"https:\/\/barcelonaloptica.com\/es\/wp-json\/wp\/v2\/media?parent=7374"}],"curies":[{"name":"wp","href":"https:\/\/api.w.org\/{rel}","templated":true}]}}