{"id":7380,"date":"2023-07-10T19:48:45","date_gmt":"2023-07-10T19:48:45","guid":{"rendered":"https:\/\/barcelonaloptica.com\/?page_id=7380"},"modified":"2023-07-26T03:56:03","modified_gmt":"2023-07-26T03:56:03","slug":"lents-de-contacte","status":"publish","type":"page","link":"https:\/\/barcelonaloptica.com\/es\/lents-de-contacte\/","title":{"rendered":"Lents de contacte"},"content":{"rendered":"<div data-elementor-type=\"wp-page\" data-elementor-id=\"7380\" class=\"elementor elementor-7380\">\n\t\t\t\t\t\t<section class=\"elementor-section elementor-top-section elementor-element elementor-element-d2fce5d elementor-section-boxed elementor-section-height-default elementor-section-height-default\" data-id=\"d2fce5d\" data-element_type=\"section\">\n\t\t\t\t\t\t<div class=\"elementor-container elementor-column-gap-default\">\n\t\t\t\t\t<div class=\"elementor-column elementor-col-50 elementor-top-column elementor-element elementor-element-601124a\" data-id=\"601124a\" data-element_type=\"column\">\n\t\t\t<div class=\"elementor-widget-wrap elementor-element-populated\">\n\t\t\t\t\t\t<div class=\"elementor-element elementor-element-e888ca7 elementor-pagination-position-outside elementor-invisible elementor-widget elementor-widget-image-carousel\" data-id=\"e888ca7\" data-element_type=\"widget\" data-settings=\"{&quot;slides_to_show&quot;:&quot;1&quot;,&quot;navigation&quot;:&quot;dots&quot;,&quot;_animation&quot;:&quot;fadeInRight&quot;,&quot;autoplay&quot;:&quot;yes&quot;,&quot;pause_on_hover&quot;:&quot;yes&quot;,&quot;pause_on_interaction&quot;:&quot;yes&quot;,&quot;autoplay_speed&quot;:5000,&quot;infinite&quot;:&quot;yes&quot;,&quot;effect&quot;:&quot;slide&quot;,&quot;speed&quot;:500}\" data-widget_type=\"image-carousel.default\">\n\t\t\t\t<div class=\"elementor-widget-container\">\n\t\t\t\t\t\t\t<div class=\"elementor-image-carousel-wrapper swiper\" role=\"region\" aria-roledescription=\"carousel\" aria-label=\"Carrusel d&#039;imatges\" dir=\"ltr\">\n\t\t\t<div class=\"elementor-image-carousel swiper-wrapper\" aria-live=\"off\">\n\t\t\t\t\t\t\t\t<div class=\"swiper-slide\" role=\"group\" aria-roledescription=\"slide\" aria-label=\"1 de 3\"><figure class=\"swiper-slide-inner\"><img decoding=\"async\" class=\"swiper-slide-image\" src=\"https:\/\/barcelonaloptica.com\/wp-content\/uploads\/2023\/07\/lents-contacte_0011_2.jpg\" alt=\"Lents de contacte\" \/><figcaption class=\"elementor-image-carousel-caption\">Lents de contacte<\/figcaption><\/figure><\/div><div class=\"swiper-slide\" role=\"group\" aria-roledescription=\"slide\" aria-label=\"2 de 3\"><figure class=\"swiper-slide-inner\"><img decoding=\"async\" class=\"swiper-slide-image\" src=\"https:\/\/barcelonaloptica.com\/wp-content\/uploads\/2023\/07\/lents-contacte_0009_BIOFINITY.jpg\" alt=\"Lents de contacte\" \/><figcaption class=\"elementor-image-carousel-caption\">Lents de contacte<\/figcaption><\/figure><\/div><div class=\"swiper-slide\" role=\"group\" aria-roledescription=\"slide\" aria-label=\"3 de 3\"><figure class=\"swiper-slide-inner\"><img decoding=\"async\" class=\"swiper-slide-image\" src=\"https:\/\/barcelonaloptica.com\/wp-content\/uploads\/2023\/07\/lents-contacte_0012_1.jpg\" alt=\"Lents de contacte\" \/><figcaption class=\"elementor-image-carousel-caption\">Lents de contacte<\/figcaption><\/figure><\/div>\t\t\t<\/div>\n\t\t\t\t\t\t\t\n\t\t\t\t\t\t\t\t\t<div class=\"swiper-pagination\"><\/div>\n\t\t\t\t\t\t\t\t\t<\/div>\n\t\t\t\t\t\t<\/div>\n\t\t\t\t<\/div>\n\t\t\t\t<div class=\"elementor-element elementor-element-1951aa3 elementor-widget elementor-widget-restly_dot_shape\" data-id=\"1951aa3\" data-element_type=\"widget\" data-widget_type=\"restly_dot_shape.default\">\n\t\t\t\t<div class=\"elementor-widget-container\">\n\t\t\t\t\t        <div class=\"dot-shapes shape_dots dot-animate shapeanimation\"><\/div>\n        \t\t\t\t<\/div>\n\t\t\t\t<\/div>\n\t\t\t\t\t<\/div>\n\t\t<\/div>\n\t\t\t\t<div class=\"elementor-column elementor-col-66 elementor-top-column elementor-element elementor-element-be9ae58\" data-id=\"be9ae58\" data-element_type=\"column\">\n\t\t\t<div class=\"elementor-widget-wrap elementor-element-populated\">\n\t\t\t\t\t\t<div class=\"elementor-element elementor-element-e917209 elementor-widget elementor-widget-restly_about\" data-id=\"e917209\" data-element_type=\"widget\" data-widget_type=\"restly_about.default\">\n\t\t\t\t<div class=\"elementor-widget-container\">\n\t\t\t\t\t        <div class=\"restly-about-wrapper\">\n            <div class=\"restly-about-content\">\n                                \n                <h6 class=\"restly-about-stitle\"><span>Ulleres de sol a l' \u00d2ptica<\/span><\/h6>\n                \n                <h2 class=\"restly-about-title\">Protegir els teus ulls \u00e9s el m\u00e9s important<\/h2>\n                <div class=\"restly-about-dec\">\n                    <p>Troba les <strong>lents de contacte<\/strong> perfectes a <strong>l' \u00d2ptica!<\/strong> Tenim tot all\u00f2 que necessites, des de <strong>lents de contacte per a \u00fas diari<\/strong> a preus incre\u00efbles, fins a <strong>lents de contacte<\/strong> de fantasia <strong>per a ocasions especials com Halloween o Carnaval<\/strong>. Fins i tot oferim les famoses lents de contacte de colors perqu\u00e8 puguis canviar el color dels teus ulls quan vulguis!<\/p><p>Descobreix la nostra \u00e0mplia selecci\u00f3 de <strong>lents de contacte i l\u00edquids als millors preus<\/strong> i, per descomptat, amb una qualitat excel\u00b7lent. A la nostra \u00f2ptica, trobar\u00e0s opcions per corregir problemes de visi\u00f3 com miopia, hipermetropia, astigmatisme o presb\u00edcia, amb lents di\u00e0ries, setmanals i mensuals. Trieu el model que m\u00e9s us convingui i gaudiu d'una visi\u00f3 \u00f2ptima sense necessitat d'usar ulleres.<\/p><p>A m\u00e9s, comptem amb experts en contactologia que et brindaran un assessorament especialitzat per ajudar-te a triar les lents de contacte adequades. Ens preocupem per cuidar la teva vista i el nostre objectiu \u00e9s assegurar-nos que obtinguis el millor.<\/p><p>A <strong>l' \u00d2ptica<\/strong>, totes les adaptacions que realitzem es fan amb lents de contacte d'hidrogel de silicona dels principals fabricants europeus, com Ciba i Cooper Vision. Abans que adquireixis les teves lents de contacte definitives, realitzem totes les proves necess\u00e0ries per garantir que siguin les m\u00e9s adequades per a tu i no representin cap risc per a la teva vista.<\/p><p>No esperis m\u00e9s, vine a visitar-nos. El nostre constant reciclatge ens mant\u00e9 al dia amb les darreres novetats al sector de la contactologia. Confia en nosaltres i experimenta la comoditat i la llibertat que ofereixen les lents de contacte. La teva vista mereix el millor.<\/p>                <\/div>\n            <\/div>\n        <\/div>\n        \t\t\t\t<\/div>\n\t\t\t\t<\/div>\n\t\t\t\t\t<\/div>\n\t\t<\/div>\n\t\t\t\t\t<\/div>\n\t\t<\/section>\n\t\t\t\t<section class=\"elementor-section elementor-top-section elementor-element elementor-element-a622cf1 elementor-section-boxed elementor-section-height-default elementor-section-height-default\" data-id=\"a622cf1\" data-element_type=\"section\">\n\t\t\t\t\t\t<div class=\"elementor-container elementor-column-gap-default\">\n\t\t\t\t\t<div class=\"elementor-column elementor-col-50 elementor-top-column elementor-element elementor-element-eb8b286\" data-id=\"eb8b286\" data-element_type=\"column\">\n\t\t\t<div class=\"elementor-widget-wrap elementor-element-populated\">\n\t\t\t\t\t\t<div class=\"elementor-element elementor-element-8b0ef96 elementor-pagination-position-outside elementor-invisible elementor-widget elementor-widget-image-carousel\" data-id=\"8b0ef96\" data-element_type=\"widget\" data-settings=\"{&quot;slides_to_show&quot;:&quot;1&quot;,&quot;navigation&quot;:&quot;dots&quot;,&quot;_animation&quot;:&quot;fadeInRight&quot;,&quot;autoplay&quot;:&quot;yes&quot;,&quot;pause_on_hover&quot;:&quot;yes&quot;,&quot;pause_on_interaction&quot;:&quot;yes&quot;,&quot;autoplay_speed&quot;:5000,&quot;infinite&quot;:&quot;yes&quot;,&quot;effect&quot;:&quot;slide&quot;,&quot;speed&quot;:500}\" data-widget_type=\"image-carousel.default\">\n\t\t\t\t<div class=\"elementor-widget-container\">\n\t\t\t\t\t\t\t<div class=\"elementor-image-carousel-wrapper swiper\" role=\"region\" aria-roledescription=\"carousel\" aria-label=\"Carrusel d&#039;imatges\" dir=\"ltr\">\n\t\t\t<div class=\"elementor-image-carousel swiper-wrapper\" aria-live=\"off\">\n\t\t\t\t\t\t\t\t<div class=\"swiper-slide\" role=\"group\" aria-roledescription=\"slide\" aria-label=\"1 de 3\"><figure class=\"swiper-slide-inner\"><img decoding=\"async\" class=\"swiper-slide-image\" src=\"https:\/\/barcelonaloptica.com\/wp-content\/uploads\/2023\/07\/lents-contacte_0008_4.jpg\" alt=\"Lents de contacte\" \/><figcaption class=\"elementor-image-carousel-caption\">Lents de contacte<\/figcaption><\/figure><\/div><div class=\"swiper-slide\" role=\"group\" aria-roledescription=\"slide\" aria-label=\"2 de 3\"><figure class=\"swiper-slide-inner\"><img decoding=\"async\" class=\"swiper-slide-image\" src=\"https:\/\/barcelonaloptica.com\/wp-content\/uploads\/2023\/07\/lents-contacte_0007_6.jpg\" alt=\"Lents de contacte\" \/><figcaption class=\"elementor-image-carousel-caption\">Lents de contacte<\/figcaption><\/figure><\/div><div class=\"swiper-slide\" role=\"group\" aria-roledescription=\"slide\" aria-label=\"3 de 3\"><figure class=\"swiper-slide-inner\"><img decoding=\"async\" class=\"swiper-slide-image\" src=\"https:\/\/barcelonaloptica.com\/wp-content\/uploads\/2023\/07\/lents-contacte_0005_airopticscolorexamples_1200x1200.jpg\" alt=\"Lents de contacte\" \/><figcaption class=\"elementor-image-carousel-caption\">Lents de contacte<\/figcaption><\/figure><\/div>\t\t\t<\/div>\n\t\t\t\t\t\t\t\n\t\t\t\t\t\t\t\t\t<div class=\"swiper-pagination\"><\/div>\n\t\t\t\t\t\t\t\t\t<\/div>\n\t\t\t\t\t\t<\/div>\n\t\t\t\t<\/div>\n\t\t\t\t\t<\/div>\n\t\t<\/div>\n\t\t\t\t<div class=\"elementor-column elementor-col-50 elementor-top-column elementor-element elementor-element-14ac877\" data-id=\"14ac877\" data-element_type=\"column\">\n\t\t\t<div class=\"elementor-widget-wrap elementor-element-populated\">\n\t\t\t\t\t\t<div class=\"elementor-element elementor-element-977851f elementor-widget elementor-widget-restly_about\" data-id=\"977851f\" data-element_type=\"widget\" data-widget_type=\"restly_about.default\">\n\t\t\t\t<div class=\"elementor-widget-container\">\n\t\t\t\t\t        <div class=\"restly-about-wrapper\">\n            <div class=\"restly-about-content\">\n                                \n                <h6 class=\"restly-about-stitle\"><span>Canvia el teu color d'ulls<\/span><\/h6>\n                \n                <h2 class=\"restly-about-title\">Lents de contacte de colors<\/h2>\n                <div class=\"restly-about-dec\">\n                    <p>Busques un canvi de look? Et ve de gust tenir els ulls blaus per un dia? Les <strong>lents de contacte de colors<\/strong> no s\u00f3n nom\u00e9s un complement de moda, ja que a la nostra botiga pots trobar models de lents de colors graduades que et permetran utilitzar-les si pateixes problemes de visi\u00f3, com la miopia, la hipermetropia o l'astigmatisme baix.<\/p><p>La soluci\u00f3 \u00e9s molt f\u00e0cil, a <strong>l' \u00d2ptica<\/strong> t'oferim models de lents de contacte de colors de diferents tonalitats perqu\u00e8 juguis amb el color dels teus ulls. Vine a descobrir-les a la nostra \u00f2ptica de Barcelona i aconsegueix la mirada dels teus somnis.<\/p><p>Tria les teves lents preferides entre la nostra \u00e0mplia selecci\u00f3 de colors i aconsegueix una mirada d'impacte. Els teus ulls estaran protegits en tot moment, ja que les nostres <strong>lents de contacte<\/strong> de colors s\u00f3n un producte d'alta qualitat. <strong>La teva salut visual est\u00e0 garantida,<\/strong> ja que no existeix cap mena de risc en l'\u00fas de lents de contacte de colors..<\/p>                <\/div>\n            <\/div>\n        <\/div>\n        \t\t\t\t<\/div>\n\t\t\t\t<\/div>\n\t\t\t\t\t<\/div>\n\t\t<\/div>\n\t\t\t\t\t<\/div>\n\t\t<\/section>\n\t\t\t\t<section class=\"elementor-section elementor-top-section elementor-element elementor-element-8547254 elementor-section-boxed elementor-section-height-default elementor-section-height-default\" data-id=\"8547254\" data-element_type=\"section\">\n\t\t\t\t\t\t<div class=\"elementor-container elementor-column-gap-default\">\n\t\t\t\t\t<div class=\"elementor-column elementor-col-50 elementor-top-column elementor-element elementor-element-188af07\" data-id=\"188af07\" data-element_type=\"column\">\n\t\t\t<div class=\"elementor-widget-wrap elementor-element-populated\">\n\t\t\t\t\t\t<div class=\"elementor-element elementor-element-2328c22 elementor-widget elementor-widget-restly_about\" data-id=\"2328c22\" data-element_type=\"widget\" data-widget_type=\"restly_about.default\">\n\t\t\t\t<div class=\"elementor-widget-container\">\n\t\t\t\t\t        <div class=\"restly-about-wrapper\">\n            <div class=\"restly-about-content\">\n                                \n                <h6 class=\"restly-about-stitle\"><span>Lents fantasia<\/span><\/h6>\n                \n                <h2 class=\"restly-about-title\">Lents de contacte de fantasia per una mirada salvatge<\/h2>\n                <div class=\"restly-about-dec\">\n                    <p>Les <strong>lents de contacte fantasia<\/strong> de ColourVUE\u00ae Crazy estan dissenyades perqu\u00e8 vesteixis els teus ulls amb els estampats m\u00e9s originals i salvatges. No deixaran de mirar-te!<\/p><p>Combina-les amb la teva disfressa i complements per convertir-te en el rei o la reina del Carnestoltes o Halloween amb les teves lents de contacte halloween i lents de contacte carnestoltes. Una forma divertida i original de donar un toc diferent al teu estilisme durant aquestes festes, sense cap mena de dubte ser\u00e0s el centre d'atenci\u00f3. Tria entre la nostra amplia selecci\u00f3 on trobar\u00e0s lents de contacte amb estampats d'ulls d'animals o efectes especials de pel\u00b7licules, deixar\u00e0s impactat a tot aquell que et miri!<\/p><p>A m\u00e9s, l'hidrogel patentat ColourVUE\u00ae amb el que es fabriquen aquestes lents de contacte permet que el seu \u00fas sigui molt confortable. Podr\u00e0s divertir-te durant hores sense que suposi cap problema per a la teva vista.<br \/>I si necessites lents de contacte graduades tamb\u00e9 podem ajudar-te. Tria entre la nostra selecta gamma disponible per a di\u00f2ptries d'1,00 a 6,00.<\/p>                <\/div>\n            <\/div>\n        <\/div>\n        \t\t\t\t<\/div>\n\t\t\t\t<\/div>\n\t\t\t\t\t<\/div>\n\t\t<\/div>\n\t\t\t\t<div class=\"elementor-column elementor-col-50 elementor-top-column elementor-element elementor-element-dcc120c\" data-id=\"dcc120c\" data-element_type=\"column\">\n\t\t\t<div class=\"elementor-widget-wrap elementor-element-populated\">\n\t\t\t\t\t\t<div class=\"elementor-element elementor-element-0ad066c elementor-pagination-position-outside elementor-invisible elementor-widget elementor-widget-image-carousel\" data-id=\"0ad066c\" data-element_type=\"widget\" data-settings=\"{&quot;slides_to_show&quot;:&quot;1&quot;,&quot;navigation&quot;:&quot;dots&quot;,&quot;_animation&quot;:&quot;fadeInRight&quot;,&quot;autoplay&quot;:&quot;yes&quot;,&quot;pause_on_hover&quot;:&quot;yes&quot;,&quot;pause_on_interaction&quot;:&quot;yes&quot;,&quot;autoplay_speed&quot;:5000,&quot;infinite&quot;:&quot;yes&quot;,&quot;effect&quot;:&quot;slide&quot;,&quot;speed&quot;:500}\" data-widget_type=\"image-carousel.default\">\n\t\t\t\t<div class=\"elementor-widget-container\">\n\t\t\t\t\t\t\t<div class=\"elementor-image-carousel-wrapper swiper\" role=\"region\" aria-roledescription=\"carousel\" aria-label=\"Carrusel d&#039;imatges\" dir=\"ltr\">\n\t\t\t<div class=\"elementor-image-carousel swiper-wrapper\" aria-live=\"off\">\n\t\t\t\t\t\t\t\t<div class=\"swiper-slide\" role=\"group\" aria-roledescription=\"slide\" aria-label=\"1 de 3\"><figure class=\"swiper-slide-inner\"><img decoding=\"async\" class=\"swiper-slide-image\" src=\"https:\/\/barcelonaloptica.com\/wp-content\/uploads\/2023\/07\/lents-contacte_0001_Crazy-Lens4.jpg\" alt=\"Lents de contacte\" \/><figcaption class=\"elementor-image-carousel-caption\">Lents de contacte<\/figcaption><\/figure><\/div><div class=\"swiper-slide\" role=\"group\" aria-roledescription=\"slide\" aria-label=\"2 de 3\"><figure class=\"swiper-slide-inner\"><img decoding=\"async\" class=\"swiper-slide-image\" src=\"https:\/\/barcelonaloptica.com\/wp-content\/uploads\/2023\/07\/lents-contacte_0000_Crazy-Lens3.jpg\" alt=\"Lents de contacte\" \/><figcaption class=\"elementor-image-carousel-caption\">Lents de contacte<\/figcaption><\/figure><\/div><div class=\"swiper-slide\" role=\"group\" aria-roledescription=\"slide\" aria-label=\"3 de 3\"><figure class=\"swiper-slide-inner\"><img decoding=\"async\" class=\"swiper-slide-image\" src=\"https:\/\/barcelonaloptica.com\/wp-content\/uploads\/2023\/07\/lents-contacte_0003_Crazy-Lens1.jpg\" alt=\"Lents de contacte\" \/><figcaption class=\"elementor-image-carousel-caption\">Lents de contacte<\/figcaption><\/figure><\/div>\t\t\t<\/div>\n\t\t\t\t\t\t\t\n\t\t\t\t\t\t\t\t\t<div class=\"swiper-pagination\"><\/div>\n\t\t\t\t\t\t\t\t\t<\/div>\n\t\t\t\t\t\t<\/div>\n\t\t\t\t<\/div>\n\t\t\t\t\t<\/div>\n\t\t<\/div>\n\t\t\t\t\t<\/div>\n\t\t<\/section>\n\t\t\t\t<\/div>","protected":false},"excerpt":{"rendered":"<p>Lents de contacte Lents de contacte Lents de contacte Ulleres de sol a l&#8217; \u00d2ptica Protegir els teus ulls \u00e9s el m\u00e9s important Troba les lents de contacte perfectes a l&#8217; \u00d2ptica! Tenim tot all\u00f2 que necessites, des de lents de contacte per a \u00fas diari a preus incre\u00efbles, fins a lents de contacte de [&hellip;]<\/p>","protected":false},"author":1,"featured_media":0,"parent":0,"menu_order":0,"comment_status":"closed","ping_status":"closed","template":"blank-template.php","meta":{"footnotes":""},"class_list":["post-7380","page","type-page","status-publish","hentry"],"_links":{"self":[{"href":"https:\/\/barcelonaloptica.com\/es\/wp-json\/wp\/v2\/pages\/7380","targetHints":{"allow":["GET"]}}],"collection":[{"href":"https:\/\/barcelonaloptica.com\/es\/wp-json\/wp\/v2\/pages"}],"about":[{"href":"https:\/\/barcelonaloptica.com\/es\/wp-json\/wp\/v2\/types\/page"}],"author":[{"embeddable":true,"href":"https:\/\/barcelonaloptica.com\/es\/wp-json\/wp\/v2\/users\/1"}],"replies":[{"embeddable":true,"href":"https:\/\/barcelonaloptica.com\/es\/wp-json\/wp\/v2\/comments?post=7380"}],"version-history":[{"count":28,"href":"https:\/\/barcelonaloptica.com\/es\/wp-json\/wp\/v2\/pages\/7380\/revisions"}],"predecessor-version":[{"id":7737,"href":"https:\/\/barcelonaloptica.com\/es\/wp-json\/wp\/v2\/pages\/7380\/revisions\/7737"}],"wp:attachment":[{"href":"https:\/\/barcelonaloptica.com\/es\/wp-json\/wp\/v2\/media?parent=7380"}],"curies":[{"name":"wp","href":"https:\/\/api.w.org\/{rel}","templated":true}]}}