{"id":7518,"date":"2023-07-24T15:44:20","date_gmt":"2023-07-24T15:44:20","guid":{"rendered":"https:\/\/barcelonaloptica.com\/?page_id=7518"},"modified":"2024-07-30T14:56:17","modified_gmt":"2024-07-30T14:56:17","slug":"marques","status":"publish","type":"page","link":"https:\/\/barcelonaloptica.com\/es\/marques\/","title":{"rendered":"Marques"},"content":{"rendered":"<div data-elementor-type=\"wp-page\" data-elementor-id=\"7518\" class=\"elementor elementor-7518\">\n\t\t\t\t\t\t<section class=\"elementor-section elementor-top-section elementor-element elementor-element-d2fce5d elementor-section-boxed elementor-section-height-default elementor-section-height-default\" data-id=\"d2fce5d\" data-element_type=\"section\">\n\t\t\t\t\t\t<div class=\"elementor-container elementor-column-gap-default\">\n\t\t\t\t\t<div class=\"elementor-column elementor-col-100 elementor-top-column elementor-element elementor-element-be9ae58\" data-id=\"be9ae58\" data-element_type=\"column\">\n\t\t\t<div class=\"elementor-widget-wrap elementor-element-populated\">\n\t\t\t\t\t\t<div class=\"elementor-element elementor-element-e917209 elementor-widget elementor-widget-restly_about\" data-id=\"e917209\" data-element_type=\"widget\" data-widget_type=\"restly_about.default\">\n\t\t\t\t<div class=\"elementor-widget-container\">\n\t\t\t\t\t        <div class=\"restly-about-wrapper\">\n            <div class=\"restly-about-content\">\n                                \n                <h6 class=\"restly-about-stitle\"><span>Poder triar \u00e9s el millor privilegi<\/span><\/h6>\n                \n                <h2 class=\"restly-about-title\">Les millors marques d'ulleres per a tu<\/h2>\n                <div class=\"restly-about-dec\">\n                    <p><span class=\"HwtZe\"><span class=\"jCAhz ChMk0b\"><span class=\"ryNqvb\">A<strong> l'\u00d2ptica<\/strong>, ens sentim orgullosos d'oferir <strong>una \u00e0mplia selecci\u00f3 de marques d'ulleres<\/strong> que s'adapten a tots els estils, prefer\u00e8ncies i necessitats visuals.<\/span><\/span> <span class=\"jCAhz ChMk0b\"><span class=\"ryNqvb\">La nostra missi\u00f3 \u00e9s oferir-te una experi\u00e8ncia de compra \u00fanica i satisfact\u00f2ria, on puguis trobar les millors marques d'ulleres del mercat.<\/span><\/span> <span class=\"jCAhz ChMk0b\"><span class=\"ryNqvb\">Aquestes s\u00f3n nom\u00e9s algunes de les marques d'ulleres que podreu trobar a <strong>l'\u00d2ptica<\/strong>.<\/span><\/span> <span class=\"jCAhz ChMk0b\"><span class=\"ryNqvb\">El nostre equip d'experts estar\u00e0 encantat d'assessorar-vos i ajudar-vos a trobar el parell perfecte que s'adapti a les vostres necessitats i gustos personals.<br \/><br \/><\/span><\/span> <strong><span class=\"jCAhz ChMk0b\"><span class=\"ryNqvb\">Visita'ns i descobreix el m\u00f3n d'opcions que tenim preparat per a tu a la nostra botiga!<\/span><\/span><\/strong><\/span><\/p>                <\/div>\n            <\/div>\n        <\/div>\n        \t\t\t\t<\/div>\n\t\t\t\t<\/div>\n\t\t\t\t\t<\/div>\n\t\t<\/div>\n\t\t\t\t\t<\/div>\n\t\t<\/section>\n\t\t\t\t<section class=\"elementor-section elementor-top-section elementor-element elementor-element-c842621 elementor-section-boxed elementor-section-height-default elementor-section-height-default\" data-id=\"c842621\" data-element_type=\"section\">\n\t\t\t\t\t\t<div class=\"elementor-container elementor-column-gap-default\">\n\t\t\t\t\t<div class=\"elementor-column elementor-col-100 elementor-top-column elementor-element elementor-element-60df873\" data-id=\"60df873\" data-element_type=\"column\">\n\t\t\t<div class=\"elementor-widget-wrap elementor-element-populated\">\n\t\t\t\t\t\t<div class=\"elementor-element elementor-element-b96a4ae gallery-spacing-custom elementor-invisible elementor-widget elementor-widget-image-gallery\" data-id=\"b96a4ae\" data-element_type=\"widget\" data-settings=\"{&quot;_animation&quot;:&quot;fadeIn&quot;}\" data-widget_type=\"image-gallery.default\">\n\t\t\t\t<div class=\"elementor-widget-container\">\n\t\t\t\t\t\t\t<div class=\"elementor-image-gallery\">\n\t\t\t<div id='gallery-1' class='gallery galleryid-7518 gallery-columns-6 gallery-size-full'><figure class='gallery-item'>\n\t\t\t<div class='gallery-icon landscape'>\n\t\t\t\t<img decoding=\"async\" width=\"215\" height=\"56\" src=\"https:\/\/barcelonaloptica.com\/wp-content\/uploads\/2023\/07\/LOGO_0000_ana-hickmann-eyewear.png\" class=\"attachment-full size-full\" alt=\"Ana Hickman\" aria-describedby=\"gallery-1-7292\" srcset=\"https:\/\/barcelonaloptica.com\/wp-content\/uploads\/2023\/07\/LOGO_0000_ana-hickmann-eyewear.png 215w, https:\/\/barcelonaloptica.com\/wp-content\/uploads\/2023\/07\/LOGO_0000_ana-hickmann-eyewear-18x5.png 18w\" sizes=\"(max-width: 215px) 100vw, 215px\" \/>\n\t\t\t<\/div>\n\t\t\t\t<figcaption class='wp-caption-text gallery-caption' id='gallery-1-7292'>\n\t\t\t\tAna Hickman\n\t\t\t\t<\/figcaption><\/figure><figure class='gallery-item'>\n\t\t\t<div class='gallery-icon landscape'>\n\t\t\t\t<img decoding=\"async\" width=\"246\" height=\"30\" src=\"https:\/\/barcelonaloptica.com\/wp-content\/uploads\/2023\/07\/LOGO_0001_arnette.png\" class=\"attachment-full size-full\" alt=\"Arnet\" srcset=\"https:\/\/barcelonaloptica.com\/wp-content\/uploads\/2023\/07\/LOGO_0001_arnette.png 246w, https:\/\/barcelonaloptica.com\/wp-content\/uploads\/2023\/07\/LOGO_0001_arnette-18x2.png 18w\" sizes=\"(max-width: 246px) 100vw, 246px\" \/>\n\t\t\t<\/div><\/figure><figure class='gallery-item'>\n\t\t\t<div class='gallery-icon landscape'>\n\t\t\t\t<img decoding=\"async\" width=\"239\" height=\"47\" src=\"https:\/\/barcelonaloptica.com\/wp-content\/uploads\/2023\/07\/LOGO_0002_CentroStyle.png\" class=\"attachment-full size-full\" alt=\"CentroStyle\" srcset=\"https:\/\/barcelonaloptica.com\/wp-content\/uploads\/2023\/07\/LOGO_0002_CentroStyle.png 239w, https:\/\/barcelonaloptica.com\/wp-content\/uploads\/2023\/07\/LOGO_0002_CentroStyle-18x4.png 18w\" sizes=\"(max-width: 239px) 100vw, 239px\" \/>\n\t\t\t<\/div><\/figure><figure class='gallery-item'>\n\t\t\t<div class='gallery-icon landscape'>\n\t\t\t\t<img loading=\"lazy\" decoding=\"async\" width=\"240\" height=\"31\" src=\"https:\/\/barcelonaloptica.com\/wp-content\/uploads\/2023\/07\/LOGO_0003_Dilem-400x200-1.png\" class=\"attachment-full size-full\" alt=\"Dilem\" aria-describedby=\"gallery-1-7295\" srcset=\"https:\/\/barcelonaloptica.com\/wp-content\/uploads\/2023\/07\/LOGO_0003_Dilem-400x200-1.png 240w, https:\/\/barcelonaloptica.com\/wp-content\/uploads\/2023\/07\/LOGO_0003_Dilem-400x200-1-18x2.png 18w\" sizes=\"(max-width: 240px) 100vw, 240px\" \/>\n\t\t\t<\/div>\n\t\t\t\t<figcaption class='wp-caption-text gallery-caption' id='gallery-1-7295'>\n\t\t\t\tDilem\n\t\t\t\t<\/figcaption><\/figure><figure class='gallery-item'>\n\t\t\t<div class='gallery-icon landscape'>\n\t\t\t\t<img loading=\"lazy\" decoding=\"async\" width=\"163\" height=\"79\" src=\"https:\/\/barcelonaloptica.com\/wp-content\/uploads\/2023\/07\/LOGO_0004_dolce_gabanna_PNG3.png\" class=\"attachment-full size-full\" alt=\"Dolce&amp;Gabbana\" aria-describedby=\"gallery-1-7296\" srcset=\"https:\/\/barcelonaloptica.com\/wp-content\/uploads\/2023\/07\/LOGO_0004_dolce_gabanna_PNG3.png 163w, https:\/\/barcelonaloptica.com\/wp-content\/uploads\/2023\/07\/LOGO_0004_dolce_gabanna_PNG3-18x9.png 18w\" sizes=\"(max-width: 163px) 100vw, 163px\" \/>\n\t\t\t<\/div>\n\t\t\t\t<figcaption class='wp-caption-text gallery-caption' id='gallery-1-7296'>\n\t\t\t\tDolce&#038;Gabbana\n\t\t\t\t<\/figcaption><\/figure><figure class='gallery-item'>\n\t\t\t<div class='gallery-icon landscape'>\n\t\t\t\t<img loading=\"lazy\" decoding=\"async\" width=\"239\" height=\"64\" src=\"https:\/\/barcelonaloptica.com\/wp-content\/uploads\/2023\/07\/LOGO_0005_Dutz.png\" class=\"attachment-full size-full\" alt=\"Dutz\" aria-describedby=\"gallery-1-7297\" srcset=\"https:\/\/barcelonaloptica.com\/wp-content\/uploads\/2023\/07\/LOGO_0005_Dutz.png 239w, https:\/\/barcelonaloptica.com\/wp-content\/uploads\/2023\/07\/LOGO_0005_Dutz-18x5.png 18w\" sizes=\"(max-width: 239px) 100vw, 239px\" \/>\n\t\t\t<\/div>\n\t\t\t\t<figcaption class='wp-caption-text gallery-caption' id='gallery-1-7297'>\n\t\t\t\tDutz\n\t\t\t\t<\/figcaption><\/figure><figure class='gallery-item'>\n\t\t\t<div class='gallery-icon landscape'>\n\t\t\t\t<img loading=\"lazy\" decoding=\"async\" width=\"237\" height=\"23\" src=\"https:\/\/barcelonaloptica.com\/wp-content\/uploads\/2023\/07\/LOGO_0007_Emporio-Armani.png\" class=\"attachment-full size-full\" alt=\"Emporio Armani\" aria-describedby=\"gallery-1-7299\" srcset=\"https:\/\/barcelonaloptica.com\/wp-content\/uploads\/2023\/07\/LOGO_0007_Emporio-Armani.png 237w, https:\/\/barcelonaloptica.com\/wp-content\/uploads\/2023\/07\/LOGO_0007_Emporio-Armani-18x2.png 18w\" sizes=\"(max-width: 237px) 100vw, 237px\" \/>\n\t\t\t<\/div>\n\t\t\t\t<figcaption class='wp-caption-text gallery-caption' id='gallery-1-7299'>\n\t\t\t\tEmporio Armani\n\t\t\t\t<\/figcaption><\/figure><figure class='gallery-item'>\n\t\t\t<div class='gallery-icon landscape'>\n\t\t\t\t<img loading=\"lazy\" decoding=\"async\" width=\"208\" height=\"68\" src=\"https:\/\/barcelonaloptica.com\/wp-content\/uploads\/2023\/07\/LOGO_0009_eyepetizer.png\" class=\"attachment-full size-full\" alt=\"Eyepetizer\" aria-describedby=\"gallery-1-7301\" srcset=\"https:\/\/barcelonaloptica.com\/wp-content\/uploads\/2023\/07\/LOGO_0009_eyepetizer.png 208w, https:\/\/barcelonaloptica.com\/wp-content\/uploads\/2023\/07\/LOGO_0009_eyepetizer-18x6.png 18w\" sizes=\"(max-width: 208px) 100vw, 208px\" \/>\n\t\t\t<\/div>\n\t\t\t\t<figcaption class='wp-caption-text gallery-caption' id='gallery-1-7301'>\n\t\t\t\tEyepetizer\n\t\t\t\t<\/figcaption><\/figure><figure class='gallery-item'>\n\t\t\t<div class='gallery-icon landscape'>\n\t\t\t\t<img loading=\"lazy\" decoding=\"async\" width=\"243\" height=\"27\" src=\"https:\/\/barcelonaloptica.com\/wp-content\/uploads\/2023\/07\/LOGO_0010_GigiStufio.png\" class=\"attachment-full size-full\" alt=\"GigiStudio\" aria-describedby=\"gallery-1-7302\" srcset=\"https:\/\/barcelonaloptica.com\/wp-content\/uploads\/2023\/07\/LOGO_0010_GigiStufio.png 243w, https:\/\/barcelonaloptica.com\/wp-content\/uploads\/2023\/07\/LOGO_0010_GigiStufio-18x2.png 18w\" sizes=\"(max-width: 243px) 100vw, 243px\" \/>\n\t\t\t<\/div>\n\t\t\t\t<figcaption class='wp-caption-text gallery-caption' id='gallery-1-7302'>\n\t\t\t\tGigiStudio\n\t\t\t\t<\/figcaption><\/figure><figure class='gallery-item'>\n\t\t\t<div class='gallery-icon landscape'>\n\t\t\t\t<img loading=\"lazy\" decoding=\"async\" width=\"246\" height=\"71\" src=\"https:\/\/barcelonaloptica.com\/wp-content\/uploads\/2023\/07\/LOGO_0015_logo_iGreen_hi_tech_frames.png\" class=\"attachment-full size-full\" alt=\"\" srcset=\"https:\/\/barcelonaloptica.com\/wp-content\/uploads\/2023\/07\/LOGO_0015_logo_iGreen_hi_tech_frames.png 246w, https:\/\/barcelonaloptica.com\/wp-content\/uploads\/2023\/07\/LOGO_0015_logo_iGreen_hi_tech_frames-18x5.png 18w\" sizes=\"(max-width: 246px) 100vw, 246px\" \/>\n\t\t\t<\/div><\/figure><figure class='gallery-item'>\n\t\t\t<div class='gallery-icon landscape'>\n\t\t\t\t<img loading=\"lazy\" decoding=\"async\" width=\"250\" height=\"98\" src=\"https:\/\/barcelonaloptica.com\/wp-content\/uploads\/2023\/07\/LOGO_0018_kaleos.png\" class=\"attachment-full size-full\" alt=\"\" srcset=\"https:\/\/barcelonaloptica.com\/wp-content\/uploads\/2023\/07\/LOGO_0018_kaleos.png 250w, https:\/\/barcelonaloptica.com\/wp-content\/uploads\/2023\/07\/LOGO_0018_kaleos-18x7.png 18w\" sizes=\"(max-width: 250px) 100vw, 250px\" \/>\n\t\t\t<\/div><\/figure><figure class='gallery-item'>\n\t\t\t<div class='gallery-icon landscape'>\n\t\t\t\t<img loading=\"lazy\" decoding=\"async\" width=\"222\" height=\"32\" src=\"https:\/\/barcelonaloptica.com\/wp-content\/uploads\/2023\/07\/LOGO_0019_kayros.png\" class=\"attachment-full size-full\" alt=\"\" srcset=\"https:\/\/barcelonaloptica.com\/wp-content\/uploads\/2023\/07\/LOGO_0019_kayros.png 222w, https:\/\/barcelonaloptica.com\/wp-content\/uploads\/2023\/07\/LOGO_0019_kayros-18x3.png 18w\" sizes=\"(max-width: 222px) 100vw, 222px\" \/>\n\t\t\t<\/div><\/figure><figure class='gallery-item'>\n\t\t\t<div class='gallery-icon landscape'>\n\t\t\t\t<img loading=\"lazy\" decoding=\"async\" width=\"193\" height=\"102\" src=\"https:\/\/barcelonaloptica.com\/wp-content\/uploads\/2023\/07\/LOGO_0020_Komono.png\" class=\"attachment-full size-full\" alt=\"\" srcset=\"https:\/\/barcelonaloptica.com\/wp-content\/uploads\/2023\/07\/LOGO_0020_Komono.png 193w, https:\/\/barcelonaloptica.com\/wp-content\/uploads\/2023\/07\/LOGO_0020_Komono-18x10.png 18w\" sizes=\"(max-width: 193px) 100vw, 193px\" \/>\n\t\t\t<\/div><\/figure><figure class='gallery-item'>\n\t\t\t<div class='gallery-icon landscape'>\n\t\t\t\t<img loading=\"lazy\" decoding=\"async\" width=\"250\" height=\"93\" src=\"https:\/\/barcelonaloptica.com\/wp-content\/uploads\/2024\/04\/LOGO_0000_life-loft-e1712054735123.png\" class=\"attachment-full size-full\" alt=\"Life Loft\" aria-describedby=\"gallery-1-7870\" srcset=\"https:\/\/barcelonaloptica.com\/wp-content\/uploads\/2024\/04\/LOGO_0000_life-loft-e1712054735123.png 250w, https:\/\/barcelonaloptica.com\/wp-content\/uploads\/2024\/04\/LOGO_0000_life-loft-e1712054735123-18x7.png 18w\" sizes=\"(max-width: 250px) 100vw, 250px\" \/>\n\t\t\t<\/div>\n\t\t\t\t<figcaption class='wp-caption-text gallery-caption' id='gallery-1-7870'>\n\t\t\t\tLife Loft\n\t\t\t\t<\/figcaption><\/figure><figure class='gallery-item'>\n\t\t\t<div class='gallery-icon landscape'>\n\t\t\t\t<img loading=\"lazy\" decoding=\"async\" width=\"250\" height=\"155\" src=\"https:\/\/barcelonaloptica.com\/wp-content\/uploads\/2024\/04\/LOGO_0000_lool-e1712054770102.png\" class=\"attachment-full size-full\" alt=\"Lool\" aria-describedby=\"gallery-1-7871\" srcset=\"https:\/\/barcelonaloptica.com\/wp-content\/uploads\/2024\/04\/LOGO_0000_lool-e1712054770102.png 250w, https:\/\/barcelonaloptica.com\/wp-content\/uploads\/2024\/04\/LOGO_0000_lool-e1712054770102-18x12.png 18w\" sizes=\"(max-width: 250px) 100vw, 250px\" \/>\n\t\t\t<\/div>\n\t\t\t\t<figcaption class='wp-caption-text gallery-caption' id='gallery-1-7871'>\n\t\t\t\tLool\n\t\t\t\t<\/figcaption><\/figure><figure class='gallery-item'>\n\t\t\t<div class='gallery-icon landscape'>\n\t\t\t\t<img loading=\"lazy\" decoding=\"async\" width=\"218\" height=\"54\" src=\"https:\/\/barcelonaloptica.com\/wp-content\/uploads\/2023\/07\/LOGO_0028_no-idols.png\" class=\"attachment-full size-full\" alt=\"\" srcset=\"https:\/\/barcelonaloptica.com\/wp-content\/uploads\/2023\/07\/LOGO_0028_no-idols.png 218w, https:\/\/barcelonaloptica.com\/wp-content\/uploads\/2023\/07\/LOGO_0028_no-idols-18x4.png 18w\" sizes=\"(max-width: 218px) 100vw, 218px\" \/>\n\t\t\t<\/div><\/figure><figure class='gallery-item'>\n\t\t\t<div class='gallery-icon landscape'>\n\t\t\t\t<img loading=\"lazy\" decoding=\"async\" width=\"246\" height=\"94\" src=\"https:\/\/barcelonaloptica.com\/wp-content\/uploads\/2023\/07\/LOGO_0029_Okley.png\" class=\"attachment-full size-full\" alt=\"\" srcset=\"https:\/\/barcelonaloptica.com\/wp-content\/uploads\/2023\/07\/LOGO_0029_Okley.png 246w, https:\/\/barcelonaloptica.com\/wp-content\/uploads\/2023\/07\/LOGO_0029_Okley-18x7.png 18w\" sizes=\"(max-width: 246px) 100vw, 246px\" \/>\n\t\t\t<\/div><\/figure><figure class='gallery-item'>\n\t\t\t<div class='gallery-icon landscape'>\n\t\t\t\t<img loading=\"lazy\" decoding=\"async\" width=\"250\" height=\"111\" src=\"https:\/\/barcelonaloptica.com\/wp-content\/uploads\/2023\/07\/LOGO_0030_Oxibis.png\" class=\"attachment-full size-full\" alt=\"\" srcset=\"https:\/\/barcelonaloptica.com\/wp-content\/uploads\/2023\/07\/LOGO_0030_Oxibis.png 250w, https:\/\/barcelonaloptica.com\/wp-content\/uploads\/2023\/07\/LOGO_0030_Oxibis-18x8.png 18w\" sizes=\"(max-width: 250px) 100vw, 250px\" \/>\n\t\t\t<\/div><\/figure><figure class='gallery-item'>\n\t\t\t<div class='gallery-icon landscape'>\n\t\t\t\t<img loading=\"lazy\" decoding=\"async\" width=\"250\" height=\"156\" src=\"https:\/\/barcelonaloptica.com\/wp-content\/uploads\/2023\/07\/LOGO_0032_png-clipart-persol-logo-sunglasses-eyewear-brand-bay-text-fashion-thumbnail.png\" class=\"attachment-full size-full\" alt=\"\" srcset=\"https:\/\/barcelonaloptica.com\/wp-content\/uploads\/2023\/07\/LOGO_0032_png-clipart-persol-logo-sunglasses-eyewear-brand-bay-text-fashion-thumbnail.png 250w, https:\/\/barcelonaloptica.com\/wp-content\/uploads\/2023\/07\/LOGO_0032_png-clipart-persol-logo-sunglasses-eyewear-brand-bay-text-fashion-thumbnail-18x12.png 18w\" sizes=\"(max-width: 250px) 100vw, 250px\" \/>\n\t\t\t<\/div><\/figure><figure class='gallery-item'>\n\t\t\t<div class='gallery-icon landscape'>\n\t\t\t\t<img loading=\"lazy\" decoding=\"async\" width=\"234\" height=\"39\" src=\"https:\/\/barcelonaloptica.com\/wp-content\/uploads\/2023\/07\/LOGO_0033_logo@2x-1.png\" class=\"attachment-full size-full\" alt=\"\" srcset=\"https:\/\/barcelonaloptica.com\/wp-content\/uploads\/2023\/07\/LOGO_0033_logo@2x-1.png 234w, https:\/\/barcelonaloptica.com\/wp-content\/uploads\/2023\/07\/LOGO_0033_logo@2x-1-18x3.png 18w\" sizes=\"(max-width: 234px) 100vw, 234px\" \/>\n\t\t\t<\/div><\/figure><figure class='gallery-item'>\n\t\t\t<div class='gallery-icon landscape'>\n\t\t\t\t<img loading=\"lazy\" decoding=\"async\" width=\"233\" height=\"38\" src=\"https:\/\/barcelonaloptica.com\/wp-content\/uploads\/2023\/07\/LOGO_0034_Prada.png\" class=\"attachment-full size-full\" alt=\"\" srcset=\"https:\/\/barcelonaloptica.com\/wp-content\/uploads\/2023\/07\/LOGO_0034_Prada.png 233w, https:\/\/barcelonaloptica.com\/wp-content\/uploads\/2023\/07\/LOGO_0034_Prada-18x3.png 18w\" sizes=\"(max-width: 233px) 100vw, 233px\" \/>\n\t\t\t<\/div><\/figure><figure class='gallery-item'>\n\t\t\t<div class='gallery-icon landscape'>\n\t\t\t\t<img loading=\"lazy\" decoding=\"async\" width=\"213\" height=\"107\" src=\"https:\/\/barcelonaloptica.com\/wp-content\/uploads\/2023\/07\/LOGO_0036_RayBan.png\" class=\"attachment-full size-full\" alt=\"\" srcset=\"https:\/\/barcelonaloptica.com\/wp-content\/uploads\/2023\/07\/LOGO_0036_RayBan.png 213w, https:\/\/barcelonaloptica.com\/wp-content\/uploads\/2023\/07\/LOGO_0036_RayBan-18x9.png 18w\" sizes=\"(max-width: 213px) 100vw, 213px\" \/>\n\t\t\t<\/div><\/figure><figure class='gallery-item'>\n\t\t\t<div class='gallery-icon portrait'>\n\t\t\t\t<img loading=\"lazy\" decoding=\"async\" width=\"69\" height=\"146\" src=\"https:\/\/barcelonaloptica.com\/wp-content\/uploads\/2023\/07\/LOGO_0039_ysl.png\" class=\"attachment-full size-full\" alt=\"\" srcset=\"https:\/\/barcelonaloptica.com\/wp-content\/uploads\/2023\/07\/LOGO_0039_ysl.png 69w, https:\/\/barcelonaloptica.com\/wp-content\/uploads\/2023\/07\/LOGO_0039_ysl-6x12.png 6w\" sizes=\"(max-width: 69px) 100vw, 69px\" \/>\n\t\t\t<\/div><\/figure><figure class='gallery-item'>\n\t\t\t<div class='gallery-icon landscape'>\n\t\t\t\t<img loading=\"lazy\" decoding=\"async\" width=\"243\" height=\"70\" src=\"https:\/\/barcelonaloptica.com\/wp-content\/uploads\/2023\/07\/LOGO_0040_Silhouette.png\" class=\"attachment-full size-full\" alt=\"\" srcset=\"https:\/\/barcelonaloptica.com\/wp-content\/uploads\/2023\/07\/LOGO_0040_Silhouette.png 243w, https:\/\/barcelonaloptica.com\/wp-content\/uploads\/2023\/07\/LOGO_0040_Silhouette-18x5.png 18w\" sizes=\"(max-width: 243px) 100vw, 243px\" \/>\n\t\t\t<\/div><\/figure><figure class='gallery-item'>\n\t\t\t<div class='gallery-icon landscape'>\n\t\t\t\t<img loading=\"lazy\" decoding=\"async\" width=\"234\" height=\"36\" src=\"https:\/\/barcelonaloptica.com\/wp-content\/uploads\/2023\/07\/LOGO_0042_Tom-Ford.png\" class=\"attachment-full size-full\" alt=\"\" srcset=\"https:\/\/barcelonaloptica.com\/wp-content\/uploads\/2023\/07\/LOGO_0042_Tom-Ford.png 234w, https:\/\/barcelonaloptica.com\/wp-content\/uploads\/2023\/07\/LOGO_0042_Tom-Ford-18x3.png 18w\" sizes=\"(max-width: 234px) 100vw, 234px\" \/>\n\t\t\t<\/div><\/figure><figure class='gallery-item'>\n\t\t\t<div class='gallery-icon landscape'>\n\t\t\t\t<img loading=\"lazy\" decoding=\"async\" width=\"241\" height=\"64\" src=\"https:\/\/barcelonaloptica.com\/wp-content\/uploads\/2023\/07\/LOGO_0044_Woodys.png\" class=\"attachment-full size-full\" alt=\"Woodys\" aria-describedby=\"gallery-1-7336\" srcset=\"https:\/\/barcelonaloptica.com\/wp-content\/uploads\/2023\/07\/LOGO_0044_Woodys.png 241w, https:\/\/barcelonaloptica.com\/wp-content\/uploads\/2023\/07\/LOGO_0044_Woodys-18x5.png 18w\" sizes=\"(max-width: 241px) 100vw, 241px\" \/>\n\t\t\t<\/div>\n\t\t\t\t<figcaption class='wp-caption-text gallery-caption' id='gallery-1-7336'>\n\t\t\t\tWoodys\n\t\t\t\t<\/figcaption><\/figure><figure class='gallery-item'>\n\t\t\t<div class='gallery-icon landscape'>\n\t\t\t\t<img loading=\"lazy\" decoding=\"async\" width=\"243\" height=\"19\" src=\"https:\/\/barcelonaloptica.com\/wp-content\/uploads\/2023\/07\/LOGO_0046_Xavier-Garcia.png\" class=\"attachment-full size-full\" alt=\"\" srcset=\"https:\/\/barcelonaloptica.com\/wp-content\/uploads\/2023\/07\/LOGO_0046_Xavier-Garcia.png 243w, https:\/\/barcelonaloptica.com\/wp-content\/uploads\/2023\/07\/LOGO_0046_Xavier-Garcia-18x1.png 18w\" sizes=\"(max-width: 243px) 100vw, 243px\" \/>\n\t\t\t<\/div><\/figure>\n\t\t<\/div>\n\t\t<\/div>\n\t\t\t\t\t\t<\/div>\n\t\t\t\t<\/div>\n\t\t\t\t\t<\/div>\n\t\t<\/div>\n\t\t\t\t\t<\/div>\n\t\t<\/section>\n\t\t\t\t<section class=\"elementor-section elementor-top-section elementor-element elementor-element-a717dc6 elementor-section-boxed elementor-section-height-default elementor-section-height-default\" data-id=\"a717dc6\" data-element_type=\"section\">\n\t\t\t\t\t\t<div class=\"elementor-container elementor-column-gap-default\">\n\t\t\t\t\t<div class=\"elementor-column elementor-col-100 elementor-top-column elementor-element elementor-element-0614ebd\" data-id=\"0614ebd\" data-element_type=\"column\">\n\t\t\t<div class=\"elementor-widget-wrap\">\n\t\t\t\t\t\t\t<\/div>\n\t\t<\/div>\n\t\t\t\t\t<\/div>\n\t\t<\/section>\n\t\t\t\t<\/div>","protected":false},"excerpt":{"rendered":"<p>Poder triar \u00e9s el millor privilegi Les millors marques d&#8217;ulleres per a tu A l&#8217;\u00d2ptica, ens sentim orgullosos d&#8217;oferir una \u00e0mplia selecci\u00f3 de marques d&#8217;ulleres que s&#8217;adapten a tots els estils, prefer\u00e8ncies i necessitats visuals. La nostra missi\u00f3 \u00e9s oferir-te una experi\u00e8ncia de compra \u00fanica i satisfact\u00f2ria, on puguis trobar les millors marques d&#8217;ulleres del [&hellip;]<\/p>","protected":false},"author":1,"featured_media":0,"parent":0,"menu_order":0,"comment_status":"closed","ping_status":"closed","template":"blank-template.php","meta":{"footnotes":""},"class_list":["post-7518","page","type-page","status-publish","hentry"],"_links":{"self":[{"href":"https:\/\/barcelonaloptica.com\/es\/wp-json\/wp\/v2\/pages\/7518","targetHints":{"allow":["GET"]}}],"collection":[{"href":"https:\/\/barcelonaloptica.com\/es\/wp-json\/wp\/v2\/pages"}],"about":[{"href":"https:\/\/barcelonaloptica.com\/es\/wp-json\/wp\/v2\/types\/page"}],"author":[{"embeddable":true,"href":"https:\/\/barcelonaloptica.com\/es\/wp-json\/wp\/v2\/users\/1"}],"replies":[{"embeddable":true,"href":"https:\/\/barcelonaloptica.com\/es\/wp-json\/wp\/v2\/comments?post=7518"}],"version-history":[{"count":58,"href":"https:\/\/barcelonaloptica.com\/es\/wp-json\/wp\/v2\/pages\/7518\/revisions"}],"predecessor-version":[{"id":7878,"href":"https:\/\/barcelonaloptica.com\/es\/wp-json\/wp\/v2\/pages\/7518\/revisions\/7878"}],"wp:attachment":[{"href":"https:\/\/barcelonaloptica.com\/es\/wp-json\/wp\/v2\/media?parent=7518"}],"curies":[{"name":"wp","href":"https:\/\/api.w.org\/{rel}","templated":true}]}}