{"id":7595,"date":"2023-07-24T16:58:43","date_gmt":"2023-07-24T16:58:43","guid":{"rendered":"https:\/\/barcelonaloptica.com\/?page_id=7595"},"modified":"2024-07-30T14:55:46","modified_gmt":"2024-07-30T14:55:46","slug":"qui-som","status":"publish","type":"page","link":"https:\/\/barcelonaloptica.com\/es\/qui-som\/","title":{"rendered":"Qui som"},"content":{"rendered":"<div data-elementor-type=\"wp-page\" data-elementor-id=\"7595\" class=\"elementor elementor-7595\">\n\t\t\t\t\t\t<section class=\"elementor-section elementor-top-section elementor-element elementor-element-d2fce5d elementor-section-boxed elementor-section-height-default elementor-section-height-default\" data-id=\"d2fce5d\" data-element_type=\"section\">\n\t\t\t\t\t\t<div class=\"elementor-container elementor-column-gap-default\">\n\t\t\t\t\t<div class=\"elementor-column elementor-col-50 elementor-top-column elementor-element elementor-element-601124a\" data-id=\"601124a\" data-element_type=\"column\">\n\t\t\t<div class=\"elementor-widget-wrap elementor-element-populated\">\n\t\t\t\t\t\t<div class=\"elementor-element elementor-element-6648d7a elementor-widget elementor-widget-image\" data-id=\"6648d7a\" data-element_type=\"widget\" data-widget_type=\"image.default\">\n\t\t\t\t<div class=\"elementor-widget-container\">\n\t\t\t\t\t\t\t\t\t\t\t\t\t\t\t<img fetchpriority=\"high\" decoding=\"async\" width=\"635\" height=\"582\" src=\"https:\/\/barcelonaloptica.com\/wp-content\/uploads\/2024\/07\/qui-som-optica-1.png\" class=\"attachment-full size-full wp-image-8018\" alt=\"L&#039;\u00f2ptica Barcelona\" srcset=\"https:\/\/barcelonaloptica.com\/wp-content\/uploads\/2024\/07\/qui-som-optica-1.png 635w, https:\/\/barcelonaloptica.com\/wp-content\/uploads\/2024\/07\/qui-som-optica-1-300x275.png 300w, https:\/\/barcelonaloptica.com\/wp-content\/uploads\/2024\/07\/qui-som-optica-1-13x12.png 13w, https:\/\/barcelonaloptica.com\/wp-content\/uploads\/2024\/07\/qui-som-optica-1-600x550.png 600w\" sizes=\"(max-width: 635px) 100vw, 635px\" \/>\t\t\t\t\t\t\t\t\t\t\t\t\t\t\t<\/div>\n\t\t\t\t<\/div>\n\t\t\t\t<div class=\"elementor-element elementor-element-1951aa3 elementor-widget elementor-widget-restly_dot_shape\" data-id=\"1951aa3\" data-element_type=\"widget\" data-widget_type=\"restly_dot_shape.default\">\n\t\t\t\t<div class=\"elementor-widget-container\">\n\t\t\t\t\t        <div class=\"dot-shapes shape_dots dot-animate shapeanimation\"><\/div>\n        \t\t\t\t<\/div>\n\t\t\t\t<\/div>\n\t\t\t\t\t<\/div>\n\t\t<\/div>\n\t\t\t\t<div class=\"elementor-column elementor-col-50 elementor-top-column elementor-element elementor-element-be9ae58\" data-id=\"be9ae58\" data-element_type=\"column\">\n\t\t\t<div class=\"elementor-widget-wrap elementor-element-populated\">\n\t\t\t\t\t\t<div class=\"elementor-element elementor-element-e917209 elementor-widget elementor-widget-restly_about\" data-id=\"e917209\" data-element_type=\"widget\" data-widget_type=\"restly_about.default\">\n\t\t\t\t<div class=\"elementor-widget-container\">\n\t\t\t\t\t        <div class=\"restly-about-wrapper\">\n            <div class=\"restly-about-content\">\n                                \n                <h6 class=\"restly-about-stitle\"><span>Ens agrada poder ayudar-te<\/span><\/h6>\n                \n                <h2 class=\"restly-about-title\">L'\u00d2ptica, la nostra visi\u00f3<\/h2>\n                <div class=\"restly-about-dec\">\n                    <p><span class=\"HwtZe\"><span class=\"jCAhz ChMk0b\"><span class=\"ryNqvb\"><strong>Som un equip jove i apassionat<\/strong>, dedicat a oferir-te una experi\u00e8ncia \u00f2ptica \u00fanica i satisfact\u00f2ria.<\/span><\/span> <span class=\"jCAhz ChMk0b\"><span class=\"ryNqvb\">La nostra passi\u00f3 per la moda, la visi\u00f3 i el servei al client ens impulsa a ser la millor opci\u00f3 per satisfer les necessitats \u00f2ptiques.<\/span><\/span> <\/span><\/p><p><span class=\"HwtZe\"><span class=\"jCAhz ChMk0b\"><span class=\"ryNqvb\">La nostra formaci\u00f3 al sector \u00f2ptic \u00e9s constant i rigorosa.<\/span><\/span> <span class=\"jCAhz ChMk0b\"><span class=\"ryNqvb\">Estem sempre al corrent de les darreres tend\u00e8ncies, tecnologies i aven\u00e7os en el camp de l'\u00f2ptica per oferir-te productes i serveis de la m\u00e9s alta qualitat.<\/span><\/span> <span class=\"jCAhz ChMk0b\"><span class=\"ryNqvb\">Creiem que la formaci\u00f3 continuada \u00e9s fonamental per proporcionar-te les solucions visuals m\u00e9s actualitzades i efectives.<\/span><\/span> <\/span><\/p><p><span class=\"HwtZe\"><span class=\"jCAhz ChMk0b\"><span class=\"ryNqvb\">A <strong>l'\u00d2ptica<\/strong>, no nom\u00e9s som especialistes en ulleres, sin\u00f3 tamb\u00e9 en assessorament personalitzat.<\/span><\/span> <span class=\"jCAhz ChMk0b\"><span class=\"ryNqvb\">Sabem que cada persona \u00e9s \u00fanica, i per aix\u00f2 ens prenem el temps per con\u00e8ixer-te, entendre les teves necessitats visuals i les teves prefer\u00e8ncies est\u00e8tiques.<\/span><\/span> <span class=\"jCAhz ChMk0b\"><span class=\"ryNqvb\">El nostre enfocament \u00e9s oferir-te opcions que s'adaptin perfectament al teu estil de vida i personalitat, perqu\u00e8 et sentis c\u00f2mode i confiat amb les ulleres.<\/span><\/span> <\/span><\/p><p><span class=\"HwtZe\"><span class=\"jCAhz ChMk0b\"><span class=\"ryNqvb\">Ens sentim orgullosos de la relaci\u00f3 propera i de confian\u00e7a que constru\u00efm amb els nostres clients.<\/span><\/span> <span class=\"jCAhz ChMk0b\"><span class=\"ryNqvb\">Volem que et sentis part de la fam\u00edlia <strong>l'\u00d2ptica<\/strong> i que s\u00e0pigues que sempre estarem aqu\u00ed per cuidar la teva salut visual i estilisme.<\/span><\/span> <\/span><\/p><p><span class=\"HwtZe\">\u00a0<span class=\"jCAhz ChMk0b\"><span class=\"ryNqvb\">Vine a visitar-nos i deixa'ns ser els teus aliats en la cura dels teus ulls i en real\u00e7ar el teu estil amb les ulleres perfectes per a tu!<\/span><\/span><\/span><\/p>                <\/div>\n            <\/div>\n        <\/div>\n        \t\t\t\t<\/div>\n\t\t\t\t<\/div>\n\t\t\t\t<div class=\"elementor-element elementor-element-d4f6e90 elementor-widget elementor-widget-restly_button\" data-id=\"d4f6e90\" data-element_type=\"widget\" data-widget_type=\"restly_button.default\">\n\t\t\t\t<div class=\"elementor-widget-container\">\n\t\t\t\t\t        <div class=\"restly-button-wrapper\">\n            <div class=\"restly-button\">\n                <a href=\"https:\/\/barcelonaloptica.com\/es\/contacte\/\" class=\"theme-btns\"  >Contacta&#039;ns<\/a>\n            <\/div>\n        <\/div>\n        \t\t\t\t<\/div>\n\t\t\t\t<\/div>\n\t\t\t\t\t<\/div>\n\t\t<\/div>\n\t\t\t\t\t<\/div>\n\t\t<\/section>\n\t\t\t\t<section class=\"elementor-section elementor-top-section elementor-element elementor-element-2be0351 elementor-section-boxed elementor-section-height-default elementor-section-height-default\" data-id=\"2be0351\" data-element_type=\"section\" data-settings=\"{&quot;background_background&quot;:&quot;classic&quot;}\">\n\t\t\t\t\t\t<div class=\"elementor-container elementor-column-gap-default\">\n\t\t\t\t\t<div class=\"elementor-column elementor-col-100 elementor-top-column elementor-element elementor-element-c68035d\" data-id=\"c68035d\" data-element_type=\"column\">\n\t\t\t<div class=\"elementor-widget-wrap elementor-element-populated\">\n\t\t\t\t\t\t<section class=\"elementor-section elementor-inner-section elementor-element elementor-element-cf1a704 elementor-section-full_width elementor-section-height-default elementor-section-height-default\" data-id=\"cf1a704\" data-element_type=\"section\">\n\t\t\t\t\t\t<div class=\"elementor-container elementor-column-gap-default\">\n\t\t\t\t\t<div class=\"elementor-column elementor-col-100 elementor-inner-column elementor-element elementor-element-d4de6bb\" data-id=\"d4de6bb\" data-element_type=\"column\">\n\t\t\t<div class=\"elementor-widget-wrap elementor-element-populated\">\n\t\t\t\t\t\t<div class=\"elementor-element elementor-element-f07cfdd elementor-widget elementor-widget-restly_title\" data-id=\"f07cfdd\" data-element_type=\"widget\" data-widget_type=\"restly_title.default\">\n\t\t\t\t<div class=\"elementor-widget-container\">\n\t\t\t\t\t        <div class=\"restly-section-title-wrapper\">\n            <div class=\"restly-section-title\">\n                <h6 class=\"restly-section-stitle\"><span>Opinions Google<\/span><\/h6>                \n                <h2 class=\"restly-section-title\">Qu\u00e8 diuen de nosaltres<\/h2> \n            <\/div>\n        <\/div>\n        \t\t\t\t<\/div>\n\t\t\t\t<\/div>\n\t\t\t\t\t<\/div>\n\t\t<\/div>\n\t\t\t\t\t<\/div>\n\t\t<\/section>\n\t\t\t\t<section class=\"elementor-section elementor-inner-section elementor-element elementor-element-282f00a elementor-section-full_width elementor-section-height-default elementor-section-height-default\" data-id=\"282f00a\" data-element_type=\"section\">\n\t\t\t\t\t\t<div class=\"elementor-container elementor-column-gap-default\">\n\t\t\t\t\t<div class=\"elementor-column elementor-col-100 elementor-inner-column elementor-element elementor-element-63f29ba\" data-id=\"63f29ba\" data-element_type=\"column\">\n\t\t\t<div class=\"elementor-widget-wrap elementor-element-populated\">\n\t\t\t\t\t\t<div class=\"elementor-element elementor-element-6909584 elementor-widget elementor-widget-restly_testimonial\" data-id=\"6909584\" data-element_type=\"widget\" data-widget_type=\"restly_testimonial.default\">\n\t\t\t\t<div class=\"elementor-widget-container\">\n\t\t\t\t\t\n\t\t\t<script>\n\t\t\tjQuery(document).ready(function($) {\n\t\t\t\t\"use strict\";\n\t\t\t\t$(\"#testimonial-slide-1436\").slick({\n\t\t\t\t\tslidesToShow: 2,\n\t\t\t\t\tslidesToScroll: 1,\n                    arrows: false,\n                    rtl: false,\n\t\t\t\t\tdots: false,\n\t\t\t\t\tinfinite: true,\n\t\t\t\t\tautoplay: true,speed: 4000,autoplaySpeed: 3000,\n\t\t\t\t\tresponsive: [\n\t\t\t\t\t\t{\n\t\t\t\t\t\tbreakpoint: 1024,\n\t\t\t\t\t\t\tsettings: {\n\t\t\t\t\t\t\t\tslidesToShow: 2,\n\t\t\t\t\t\t\t\tslidesToScroll: 3,\n\t\t\t\t\t\t\t}\n\t\t\t\t\t\t},\n\t\t\t\t\t\t{\n\t\t\t\t\t\t\tbreakpoint: 600,\n\t\t\t\t\t\t\tsettings: {\n\t\t\t\t\t\t\t\tslidesToShow: 2,\n\t\t\t\t\t\t\t\tslidesToScroll: 2\n\t\t\t\t\t\t\t}\n\t\t\t\t\t\t},\n\t\t\t\t\t\t{\n\t\t\t\t\t\t\tbreakpoint: 480,\n\t\t\t\t\t\t\tsettings: {\n\t\t\t\t\t\t\t\tslidesToShow: 1,\n\t\t\t\t\t\t\t\tslidesToScroll: 1\n\t\t\t\t\t\t\t}\n\t\t\t\t\t\t}\n\t\t\t\t\t]\n\t\t\t\t});\n\t\t\t});\n\t\t\t<\/script>        <div class=\"restly-testimonial-wrapper\">\n            <div class=\"restly-testimonial-inner\">\n                <div class=\"restly-testimonial-items testi-slide-row\" id=\"testimonial-slide-1436\">\n                                        <div class=\"restly-single-testimonial\">\n                        <div class=\"restly-testimonial-item\">\n                            <div class=\"restly-testimonial-top\">\n                                <div class=\"restly-testimonial-left\">\n                                    <div class=\"restly-testimonial-img\">\n                                        <img decoding=\"async\" width=\"106\" height=\"110\" src=\"https:\/\/barcelonaloptica.com\/wp-content\/uploads\/2023\/07\/Captura-de-pantalla-2023-07-25-a-las-21.06.05.png\" class=\"attachment-thumbnail size-thumbnail\" alt=\"\" srcset=\"https:\/\/barcelonaloptica.com\/wp-content\/uploads\/2023\/07\/Captura-de-pantalla-2023-07-25-a-las-21.06.05.png 106w, https:\/\/barcelonaloptica.com\/wp-content\/uploads\/2023\/07\/Captura-de-pantalla-2023-07-25-a-las-21.06.05-12x12.png 12w\" sizes=\"(max-width: 106px) 100vw, 106px\" \/>                                    <\/div>\n                                    <div class=\"restly-testimonial-title-subtitle\">\n                                        <h3 class=\"testimonial-title\">Allan Renol<\/h3>\n                                        <h6 class=\"testimonial-stitle\">\u2605\u2605\u2605\u2605\u2605<\/h6>\n                                    <\/div>\n                                <\/div>\n                                <div class=\"restly-testimonial-quote\">\n                                    <i class=\"fas fa-quote-right\"><\/i>\n                                <\/div>\n                            <\/div>\n                            <div class=\"restly-testimonial-dec\">\n                                <p>Molt bona atenci\u00f3, hi ha moltes ofertes. Em van mostrar moltes ulleres de l'estil de muntura que cercava. Bon tracte en tot moment i vaig tenir sort que m'atenen sense cita<\/p>\n                            <\/div>\n                        <\/div>\n                    <\/div>\n                                        <div class=\"restly-single-testimonial\">\n                        <div class=\"restly-testimonial-item\">\n                            <div class=\"restly-testimonial-top\">\n                                <div class=\"restly-testimonial-left\">\n                                    <div class=\"restly-testimonial-img\">\n                                        <img decoding=\"async\" width=\"102\" height=\"108\" src=\"https:\/\/barcelonaloptica.com\/wp-content\/uploads\/2023\/07\/Captura-de-pantalla-2023-07-25-a-las-21.06.54.png\" class=\"attachment-thumbnail size-thumbnail\" alt=\"\" srcset=\"https:\/\/barcelonaloptica.com\/wp-content\/uploads\/2023\/07\/Captura-de-pantalla-2023-07-25-a-las-21.06.54.png 102w, https:\/\/barcelonaloptica.com\/wp-content\/uploads\/2023\/07\/Captura-de-pantalla-2023-07-25-a-las-21.06.54-11x12.png 11w\" sizes=\"(max-width: 102px) 100vw, 102px\" \/>                                    <\/div>\n                                    <div class=\"restly-testimonial-title-subtitle\">\n                                        <h3 class=\"testimonial-title\">Lorena Salagre<\/h3>\n                                        <h6 class=\"testimonial-stitle\">\u2605\u2605\u2605\u2605\u2605<\/h6>\n                                    <\/div>\n                                <\/div>\n                                <div class=\"restly-testimonial-quote\">\n                                    <i class=\"fas fa-quote-right\"><\/i>\n                                <\/div>\n                            <\/div>\n                            <div class=\"restly-testimonial-dec\">\n                                <p>Super amables, van escoltar pacientment el meu cas i em van donar una soluci\u00f3, assegurant que podia tornar en cas que la graduaci\u00f3 que portava del metge no fos correcta per revisar-la. Un \u00f2ptica de barri que es preocupa pels seus clients i per la proced\u00e8ncia de tots els materials amb qu\u00e8 treballen. Altament recomanable. R\u00e0pid lliurament.<\/p>\n                            <\/div>\n                        <\/div>\n                    <\/div>\n                                        <div class=\"restly-single-testimonial\">\n                        <div class=\"restly-testimonial-item\">\n                            <div class=\"restly-testimonial-top\">\n                                <div class=\"restly-testimonial-left\">\n                                    <div class=\"restly-testimonial-img\">\n                                        <img loading=\"lazy\" decoding=\"async\" width=\"102\" height=\"94\" src=\"https:\/\/barcelonaloptica.com\/wp-content\/uploads\/2023\/07\/Captura-de-pantalla-2023-07-25-a-las-21.08.25.png\" class=\"attachment-thumbnail size-thumbnail\" alt=\"\" srcset=\"https:\/\/barcelonaloptica.com\/wp-content\/uploads\/2023\/07\/Captura-de-pantalla-2023-07-25-a-las-21.08.25.png 102w, https:\/\/barcelonaloptica.com\/wp-content\/uploads\/2023\/07\/Captura-de-pantalla-2023-07-25-a-las-21.08.25-13x12.png 13w\" sizes=\"(max-width: 102px) 100vw, 102px\" \/>                                    <\/div>\n                                    <div class=\"restly-testimonial-title-subtitle\">\n                                        <h3 class=\"testimonial-title\">Carmen Mar\u00edn<\/h3>\n                                        <h6 class=\"testimonial-stitle\">\u2605\u2605\u2605\u2605\u2605<\/h6>\n                                    <\/div>\n                                <\/div>\n                                <div class=\"restly-testimonial-quote\">\n                                    <i class=\"fas fa-quote-right\"><\/i>\n                                <\/div>\n                            <\/div>\n                            <div class=\"restly-testimonial-dec\">\n                                <p>Un servei excel\u00b7lent, disposen de molt\u00edssimes marques.\nEl personal \u00e9s molt professional i amable.\nEn dues ocasions m'han solucionat un problema que en cap altra \u00f2ptica no ho volien fer.\nS\u00f3n resolutius i encantadors.\nMolt recomanable<\/p>\n                            <\/div>\n                        <\/div>\n                    <\/div>\n                                        <div class=\"restly-single-testimonial\">\n                        <div class=\"restly-testimonial-item\">\n                            <div class=\"restly-testimonial-top\">\n                                <div class=\"restly-testimonial-left\">\n                                    <div class=\"restly-testimonial-img\">\n                                        <img loading=\"lazy\" decoding=\"async\" width=\"106\" height=\"102\" src=\"https:\/\/barcelonaloptica.com\/wp-content\/uploads\/2023\/07\/Captura-de-pantalla-2023-07-25-a-las-21.09.58.png\" class=\"attachment-thumbnail size-thumbnail\" alt=\"\" srcset=\"https:\/\/barcelonaloptica.com\/wp-content\/uploads\/2023\/07\/Captura-de-pantalla-2023-07-25-a-las-21.09.58.png 106w, https:\/\/barcelonaloptica.com\/wp-content\/uploads\/2023\/07\/Captura-de-pantalla-2023-07-25-a-las-21.09.58-12x12.png 12w\" sizes=\"(max-width: 106px) 100vw, 106px\" \/>                                    <\/div>\n                                    <div class=\"restly-testimonial-title-subtitle\">\n                                        <h3 class=\"testimonial-title\">Raquel Hurtado<\/h3>\n                                        <h6 class=\"testimonial-stitle\">\u2605\u2605\u2605\u2605\u2605<\/h6>\n                                    <\/div>\n                                <\/div>\n                                <div class=\"restly-testimonial-quote\">\n                                    <i class=\"fas fa-quote-right\"><\/i>\n                                <\/div>\n                            <\/div>\n                            <div class=\"restly-testimonial-dec\">\n                                <p>Vaig tenir un problema amb la patilla de les meves ulleres, li van caure el cargol i me'l van arreglar i van netejar els vidres, en 2 minuts, sense cost. Li ho agraeixo molt! Tornar\u00e9 quan m'hagi de comprar unes ulleres o tingui algun altre problema amb les meves!\nMoltes gr\u00e0cies!<\/p>\n                            <\/div>\n                        <\/div>\n                    <\/div>\n                                    <\/div>\n            <\/div>\n        <\/div>\n        \t\t\t\t<\/div>\n\t\t\t\t<\/div>\n\t\t\t\t\t<\/div>\n\t\t<\/div>\n\t\t\t\t\t<\/div>\n\t\t<\/section>\n\t\t\t\t\t<\/div>\n\t\t<\/div>\n\t\t\t\t\t<\/div>\n\t\t<\/section>\n\t\t\t\t<\/div>","protected":false},"excerpt":{"rendered":"<p>Ens agrada poder ayudar-te L&#8217;\u00d2ptica, la nostra visi\u00f3 Som un equip jove i apassionat, dedicat a oferir-te una experi\u00e8ncia \u00f2ptica \u00fanica i satisfact\u00f2ria. La nostra passi\u00f3 per la moda, la visi\u00f3 i el servei al client ens impulsa a ser la millor opci\u00f3 per satisfer les necessitats \u00f2ptiques. La nostra formaci\u00f3 al sector \u00f2ptic \u00e9s [&hellip;]<\/p>","protected":false},"author":1,"featured_media":0,"parent":0,"menu_order":0,"comment_status":"closed","ping_status":"closed","template":"blank-template.php","meta":{"footnotes":""},"class_list":["post-7595","page","type-page","status-publish","hentry"],"_links":{"self":[{"href":"https:\/\/barcelonaloptica.com\/es\/wp-json\/wp\/v2\/pages\/7595","targetHints":{"allow":["GET"]}}],"collection":[{"href":"https:\/\/barcelonaloptica.com\/es\/wp-json\/wp\/v2\/pages"}],"about":[{"href":"https:\/\/barcelonaloptica.com\/es\/wp-json\/wp\/v2\/types\/page"}],"author":[{"embeddable":true,"href":"https:\/\/barcelonaloptica.com\/es\/wp-json\/wp\/v2\/users\/1"}],"replies":[{"embeddable":true,"href":"https:\/\/barcelonaloptica.com\/es\/wp-json\/wp\/v2\/comments?post=7595"}],"version-history":[{"count":19,"href":"https:\/\/barcelonaloptica.com\/es\/wp-json\/wp\/v2\/pages\/7595\/revisions"}],"predecessor-version":[{"id":8021,"href":"https:\/\/barcelonaloptica.com\/es\/wp-json\/wp\/v2\/pages\/7595\/revisions\/8021"}],"wp:attachment":[{"href":"https:\/\/barcelonaloptica.com\/es\/wp-json\/wp\/v2\/media?parent=7595"}],"curies":[{"name":"wp","href":"https:\/\/api.w.org\/{rel}","templated":true}]}}