{"id":7888,"date":"2024-04-02T11:55:13","date_gmt":"2024-04-02T11:55:13","guid":{"rendered":"https:\/\/barcelonaloptica.com\/?page_id=7888"},"modified":"2024-07-30T14:55:31","modified_gmt":"2024-07-30T14:55:31","slug":"marques-luxe","status":"publish","type":"page","link":"https:\/\/barcelonaloptica.com\/es\/marques-luxe\/","title":{"rendered":"Marques de luxe"},"content":{"rendered":"<div data-elementor-type=\"wp-page\" data-elementor-id=\"7888\" class=\"elementor elementor-7888\">\n\t\t\t\t\t\t<section class=\"elementor-section elementor-top-section elementor-element elementor-element-d2fce5d elementor-section-boxed elementor-section-height-default elementor-section-height-default\" data-id=\"d2fce5d\" data-element_type=\"section\">\n\t\t\t\t\t\t<div class=\"elementor-container elementor-column-gap-default\">\n\t\t\t\t\t<div class=\"elementor-column elementor-col-50 elementor-top-column elementor-element elementor-element-601124a\" data-id=\"601124a\" data-element_type=\"column\">\n\t\t\t<div class=\"elementor-widget-wrap elementor-element-populated\">\n\t\t\t\t\t\t<div class=\"elementor-element elementor-element-db9c76c elementor-pagination-position-outside elementor-invisible elementor-widget elementor-widget-image-carousel\" data-id=\"db9c76c\" data-element_type=\"widget\" data-settings=\"{&quot;slides_to_show&quot;:&quot;1&quot;,&quot;navigation&quot;:&quot;dots&quot;,&quot;_animation&quot;:&quot;fadeInRight&quot;,&quot;autoplay&quot;:&quot;yes&quot;,&quot;pause_on_hover&quot;:&quot;yes&quot;,&quot;pause_on_interaction&quot;:&quot;yes&quot;,&quot;autoplay_speed&quot;:5000,&quot;infinite&quot;:&quot;yes&quot;,&quot;effect&quot;:&quot;slide&quot;,&quot;speed&quot;:500}\" data-widget_type=\"image-carousel.default\">\n\t\t\t\t<div class=\"elementor-widget-container\">\n\t\t\t\t\t\t\t<div class=\"elementor-image-carousel-wrapper swiper\" role=\"region\" aria-roledescription=\"carousel\" aria-label=\"Carrusel d&#039;imatges\" dir=\"ltr\">\n\t\t\t<div class=\"elementor-image-carousel swiper-wrapper\" aria-live=\"off\">\n\t\t\t\t\t\t\t\t<div class=\"swiper-slide\" role=\"group\" aria-roledescription=\"slide\" aria-label=\"1 de 6\"><figure class=\"swiper-slide-inner\"><img decoding=\"async\" class=\"swiper-slide-image\" src=\"https:\/\/barcelonaloptica.com\/wp-content\/uploads\/2024\/04\/gafes-luxe_0000_TOM-FORD.jpg\" alt=\"Tom Ford\" \/><figcaption class=\"elementor-image-carousel-caption\">Tom Ford<\/figcaption><\/figure><\/div><div class=\"swiper-slide\" role=\"group\" aria-roledescription=\"slide\" aria-label=\"2 de 6\"><figure class=\"swiper-slide-inner\"><img decoding=\"async\" class=\"swiper-slide-image\" src=\"https:\/\/barcelonaloptica.com\/wp-content\/uploads\/2024\/04\/gafes-luxe_0007_DOLCEGABBANA.jpg\" alt=\"Dolce&amp;Gabbana\" \/><figcaption class=\"elementor-image-carousel-caption\">Dolce&amp;Gabbana<\/figcaption><\/figure><\/div><div class=\"swiper-slide\" role=\"group\" aria-roledescription=\"slide\" aria-label=\"3 de 6\"><figure class=\"swiper-slide-inner\"><img decoding=\"async\" class=\"swiper-slide-image\" src=\"https:\/\/barcelonaloptica.com\/wp-content\/uploads\/2024\/04\/gafes-luxe_0006_DOLCEGABBANA.jpg\" alt=\"Dolce&amp;Gabbana\" \/><figcaption class=\"elementor-image-carousel-caption\">Dolce&amp;Gabbana<\/figcaption><\/figure><\/div><div class=\"swiper-slide\" role=\"group\" aria-roledescription=\"slide\" aria-label=\"4 de 6\"><figure class=\"swiper-slide-inner\"><img decoding=\"async\" class=\"swiper-slide-image\" src=\"https:\/\/barcelonaloptica.com\/wp-content\/uploads\/2024\/04\/gafes-luxe_0005_PRADA.jpg\" alt=\"Prada\" \/><figcaption class=\"elementor-image-carousel-caption\">Prada<\/figcaption><\/figure><\/div><div class=\"swiper-slide\" role=\"group\" aria-roledescription=\"slide\" aria-label=\"5 de 6\"><figure class=\"swiper-slide-inner\"><img decoding=\"async\" class=\"swiper-slide-image\" src=\"https:\/\/barcelonaloptica.com\/wp-content\/uploads\/2024\/04\/gafes-luxe_0003_YSL.jpg\" alt=\"Yves Saint Laurent\" \/><figcaption class=\"elementor-image-carousel-caption\">Yves Saint Laurent<\/figcaption><\/figure><\/div><div class=\"swiper-slide\" role=\"group\" aria-roledescription=\"slide\" aria-label=\"6 de 6\"><figure class=\"swiper-slide-inner\"><img decoding=\"async\" class=\"swiper-slide-image\" src=\"https:\/\/barcelonaloptica.com\/wp-content\/uploads\/2024\/04\/gafes-luxe_0001_TOM-FORD.jpg\" alt=\"Tom Ford\" \/><figcaption class=\"elementor-image-carousel-caption\">Tom Ford<\/figcaption><\/figure><\/div>\t\t\t<\/div>\n\t\t\t\t\t\t\t\n\t\t\t\t\t\t\t\t\t<div class=\"swiper-pagination\"><\/div>\n\t\t\t\t\t\t\t\t\t<\/div>\n\t\t\t\t\t\t<\/div>\n\t\t\t\t<\/div>\n\t\t\t\t<div class=\"elementor-element elementor-element-1951aa3 elementor-widget elementor-widget-restly_dot_shape\" data-id=\"1951aa3\" data-element_type=\"widget\" data-widget_type=\"restly_dot_shape.default\">\n\t\t\t\t<div class=\"elementor-widget-container\">\n\t\t\t\t\t        <div class=\"dot-shapes shape_dots dot-animate shapeanimation\"><\/div>\n        \t\t\t\t<\/div>\n\t\t\t\t<\/div>\n\t\t\t\t\t<\/div>\n\t\t<\/div>\n\t\t\t\t<div class=\"elementor-column elementor-col-50 elementor-top-column elementor-element elementor-element-be9ae58\" data-id=\"be9ae58\" data-element_type=\"column\">\n\t\t\t<div class=\"elementor-widget-wrap elementor-element-populated\">\n\t\t\t\t\t\t<div class=\"elementor-element elementor-element-e917209 elementor-widget elementor-widget-restly_about\" data-id=\"e917209\" data-element_type=\"widget\" data-widget_type=\"restly_about.default\">\n\t\t\t\t<div class=\"elementor-widget-container\">\n\t\t\t\t\t        <div class=\"restly-about-wrapper\">\n            <div class=\"restly-about-content\">\n                                \n                <h6 class=\"restly-about-stitle\"><span>Marques de luxe<\/span><\/h6>\n                \n                <h2 class=\"restly-about-title\">Exclusivitat en la teva mirada<\/h2>\n                <div class=\"restly-about-dec\">\n                    <p>Les ulleres de luxe s\u00f3n la personificaci\u00f3 de l'estil, la qualitat i l'exclusivitat. <strong>Elegants dissenys fins a la sofisticaci\u00f3 intemporal<\/strong>. <br \/><br \/>Marques com <strong>Dolce &amp; Gabbana<\/strong>, <strong>Prada<\/strong>, <strong>Saint Laurent<\/strong>, <strong>Tom Ford<\/strong>, <strong>Ana Hickmann<\/strong> o <strong>Emporio Armani<\/strong> s\u00f3n sin\u00f2nim d'excel\u00b7l\u00e8ncia en el m\u00f3n de la moda. El que defineix aquest estil \u00e9s l'<strong>atenci\u00f3 meticulosa als detalls, l'artesania impecable i la selecci\u00f3 de materials de la m\u00e9s alta qualitat. <\/strong>Cada parell d'ulleres d'una marca de luxe \u00e9s una obra d'art elaborada amb cura, reflectint la visi\u00f3 creativa i la identitat distintiva de la marca.<\/p><p>Sigui que busquis muntures audaces i avantguardistes o estils cl\u00e0ssics i refinats, les marques de luxe ofereixen una \u00e0mplia varietat d'opcions per satisfer els teus gustos m\u00e9s exigents.<br \/>A m\u00e9s, el prestigi associat amb aquestes marques va m\u00e9s enll\u00e0 de la moda; <strong>\u00e9s un s\u00edmbol d'estatus i refinament.<\/strong> Portar unes ulleres d'una marca de luxe no nom\u00e9s complementa el teu estil personal, sin\u00f3 que tamb\u00e9 et distingeix com a alg\u00fa que valora la qualitat i l'eleg\u00e0ncia en cada aspecte de la seva vida. En definitiva, les ulleres de marques de luxe no s\u00f3n nom\u00e9s un accessoris, <strong>s\u00f3n una declaraci\u00f3 d'estil i sofisticaci\u00f3 incomparables.<\/strong><\/p>                <\/div>\n            <\/div>\n        <\/div>\n        \t\t\t\t<\/div>\n\t\t\t\t<\/div>\n\t\t\t\t<div class=\"elementor-element elementor-element-d4f6e90 elementor-widget elementor-widget-restly_button\" data-id=\"d4f6e90\" data-element_type=\"widget\" data-widget_type=\"restly_button.default\">\n\t\t\t\t<div class=\"elementor-widget-container\">\n\t\t\t\t\t        <div class=\"restly-button-wrapper\">\n            <div class=\"restly-button\">\n                <a href=\"https:\/\/barcelonaloptica.com\/es\/marques\/\" class=\"theme-btns\"  >Tornar a marques<\/a>\n            <\/div>\n        <\/div>\n        \t\t\t\t<\/div>\n\t\t\t\t<\/div>\n\t\t\t\t\t<\/div>\n\t\t<\/div>\n\t\t\t\t\t<\/div>\n\t\t<\/section>\n\t\t\t\t<\/div>","protected":false},"excerpt":{"rendered":"<p>Tom Ford Dolce&amp;Gabbana Dolce&amp;Gabbana Prada Yves Saint Laurent Tom Ford Marques de luxe Exclusivitat en la teva mirada Les ulleres de luxe s\u00f3n la personificaci\u00f3 de l&#8217;estil, la qualitat i l&#8217;exclusivitat. Elegants dissenys fins a la sofisticaci\u00f3 intemporal. Marques com Dolce &amp; Gabbana, Prada, Saint Laurent, Tom Ford, Ana Hickmann o Emporio Armani s\u00f3n sin\u00f2nim [&hellip;]<\/p>","protected":false},"author":1,"featured_media":0,"parent":0,"menu_order":0,"comment_status":"closed","ping_status":"closed","template":"blank-template.php","meta":{"footnotes":""},"class_list":["post-7888","page","type-page","status-publish","hentry"],"_links":{"self":[{"href":"https:\/\/barcelonaloptica.com\/es\/wp-json\/wp\/v2\/pages\/7888","targetHints":{"allow":["GET"]}}],"collection":[{"href":"https:\/\/barcelonaloptica.com\/es\/wp-json\/wp\/v2\/pages"}],"about":[{"href":"https:\/\/barcelonaloptica.com\/es\/wp-json\/wp\/v2\/types\/page"}],"author":[{"embeddable":true,"href":"https:\/\/barcelonaloptica.com\/es\/wp-json\/wp\/v2\/users\/1"}],"replies":[{"embeddable":true,"href":"https:\/\/barcelonaloptica.com\/es\/wp-json\/wp\/v2\/comments?post=7888"}],"version-history":[{"count":15,"href":"https:\/\/barcelonaloptica.com\/es\/wp-json\/wp\/v2\/pages\/7888\/revisions"}],"predecessor-version":[{"id":7991,"href":"https:\/\/barcelonaloptica.com\/es\/wp-json\/wp\/v2\/pages\/7888\/revisions\/7991"}],"wp:attachment":[{"href":"https:\/\/barcelonaloptica.com\/es\/wp-json\/wp\/v2\/media?parent=7888"}],"curies":[{"name":"wp","href":"https:\/\/api.w.org\/{rel}","templated":true}]}}