{"id":7905,"date":"2024-04-02T12:18:03","date_gmt":"2024-04-02T12:18:03","guid":{"rendered":"https:\/\/barcelonaloptica.com\/?page_id=7905"},"modified":"2024-07-30T14:55:19","modified_gmt":"2024-07-30T14:55:19","slug":"tendencia","status":"publish","type":"page","link":"https:\/\/barcelonaloptica.com\/es\/tendencia\/","title":{"rendered":"Tend\u00e8ncia"},"content":{"rendered":"<div data-elementor-type=\"wp-page\" data-elementor-id=\"7905\" class=\"elementor elementor-7905\">\n\t\t\t\t\t\t<section class=\"elementor-section elementor-top-section elementor-element elementor-element-d2fce5d elementor-section-boxed elementor-section-height-default elementor-section-height-default\" data-id=\"d2fce5d\" data-element_type=\"section\">\n\t\t\t\t\t\t<div class=\"elementor-container elementor-column-gap-default\">\n\t\t\t\t\t<div class=\"elementor-column elementor-col-50 elementor-top-column elementor-element elementor-element-601124a\" data-id=\"601124a\" data-element_type=\"column\">\n\t\t\t<div class=\"elementor-widget-wrap elementor-element-populated\">\n\t\t\t\t\t\t<div class=\"elementor-element elementor-element-db9c76c elementor-pagination-position-outside elementor-invisible elementor-widget elementor-widget-image-carousel\" data-id=\"db9c76c\" data-element_type=\"widget\" data-settings=\"{&quot;slides_to_show&quot;:&quot;1&quot;,&quot;navigation&quot;:&quot;dots&quot;,&quot;_animation&quot;:&quot;fadeInRight&quot;,&quot;autoplay&quot;:&quot;yes&quot;,&quot;pause_on_hover&quot;:&quot;yes&quot;,&quot;pause_on_interaction&quot;:&quot;yes&quot;,&quot;autoplay_speed&quot;:5000,&quot;infinite&quot;:&quot;yes&quot;,&quot;effect&quot;:&quot;slide&quot;,&quot;speed&quot;:500}\" data-widget_type=\"image-carousel.default\">\n\t\t\t\t<div class=\"elementor-widget-container\">\n\t\t\t\t\t\t\t<div class=\"elementor-image-carousel-wrapper swiper\" role=\"region\" aria-roledescription=\"carousel\" aria-label=\"Carrusel d&#039;imatges\" dir=\"ltr\">\n\t\t\t<div class=\"elementor-image-carousel swiper-wrapper\" aria-live=\"off\">\n\t\t\t\t\t\t\t\t<div class=\"swiper-slide\" role=\"group\" aria-roledescription=\"slide\" aria-label=\"1 de 6\"><figure class=\"swiper-slide-inner\"><img decoding=\"async\" class=\"swiper-slide-image\" src=\"https:\/\/barcelonaloptica.com\/wp-content\/uploads\/2024\/04\/gafes-tendencia-_0005_No-Idols.jpg\" alt=\"No Idols\" \/><figcaption class=\"elementor-image-carousel-caption\">No Idols<\/figcaption><\/figure><\/div><div class=\"swiper-slide\" role=\"group\" aria-roledescription=\"slide\" aria-label=\"2 de 6\"><figure class=\"swiper-slide-inner\"><img decoding=\"async\" class=\"swiper-slide-image\" src=\"https:\/\/barcelonaloptica.com\/wp-content\/uploads\/2024\/04\/gafes-tendencia-_0002_Jisco.jpg\" alt=\"Jisco\" \/><figcaption class=\"elementor-image-carousel-caption\">Jisco<\/figcaption><\/figure><\/div><div class=\"swiper-slide\" role=\"group\" aria-roledescription=\"slide\" aria-label=\"3 de 6\"><figure class=\"swiper-slide-inner\"><img decoding=\"async\" class=\"swiper-slide-image\" src=\"https:\/\/barcelonaloptica.com\/wp-content\/uploads\/2024\/04\/gafes-tendencia-_0003_ZEN.jpg\" alt=\"ZEN\" \/><figcaption class=\"elementor-image-carousel-caption\">ZEN<\/figcaption><\/figure><\/div><div class=\"swiper-slide\" role=\"group\" aria-roledescription=\"slide\" aria-label=\"4 de 6\"><figure class=\"swiper-slide-inner\"><img decoding=\"async\" class=\"swiper-slide-image\" src=\"https:\/\/barcelonaloptica.com\/wp-content\/uploads\/2024\/04\/gafes-tendencia-_0004_Armani.jpg\" alt=\"Armani\" \/><figcaption class=\"elementor-image-carousel-caption\">Armani<\/figcaption><\/figure><\/div><div class=\"swiper-slide\" role=\"group\" aria-roledescription=\"slide\" aria-label=\"5 de 6\"><figure class=\"swiper-slide-inner\"><img decoding=\"async\" class=\"swiper-slide-image\" src=\"https:\/\/barcelonaloptica.com\/wp-content\/uploads\/2024\/04\/gafes-tendencia-_0000_Lool.jpg\" alt=\"Lool\" \/><figcaption class=\"elementor-image-carousel-caption\">Lool<\/figcaption><\/figure><\/div><div class=\"swiper-slide\" role=\"group\" aria-roledescription=\"slide\" aria-label=\"6 de 6\"><figure class=\"swiper-slide-inner\"><img decoding=\"async\" class=\"swiper-slide-image\" src=\"https:\/\/barcelonaloptica.com\/wp-content\/uploads\/2024\/04\/gafes-tendencia-_0001_Dutz.jpg\" alt=\"Dutz\" \/><figcaption class=\"elementor-image-carousel-caption\">Dutz<\/figcaption><\/figure><\/div>\t\t\t<\/div>\n\t\t\t\t\t\t\t\n\t\t\t\t\t\t\t\t\t<div class=\"swiper-pagination\"><\/div>\n\t\t\t\t\t\t\t\t\t<\/div>\n\t\t\t\t\t\t<\/div>\n\t\t\t\t<\/div>\n\t\t\t\t<div class=\"elementor-element elementor-element-1951aa3 elementor-widget elementor-widget-restly_dot_shape\" data-id=\"1951aa3\" data-element_type=\"widget\" data-widget_type=\"restly_dot_shape.default\">\n\t\t\t\t<div class=\"elementor-widget-container\">\n\t\t\t\t\t        <div class=\"dot-shapes shape_dots dot-animate shapeanimation\"><\/div>\n        \t\t\t\t<\/div>\n\t\t\t\t<\/div>\n\t\t\t\t\t<\/div>\n\t\t<\/div>\n\t\t\t\t<div class=\"elementor-column elementor-col-50 elementor-top-column elementor-element elementor-element-be9ae58\" data-id=\"be9ae58\" data-element_type=\"column\">\n\t\t\t<div class=\"elementor-widget-wrap elementor-element-populated\">\n\t\t\t\t\t\t<div class=\"elementor-element elementor-element-e917209 elementor-widget elementor-widget-restly_about\" data-id=\"e917209\" data-element_type=\"widget\" data-widget_type=\"restly_about.default\">\n\t\t\t\t<div class=\"elementor-widget-container\">\n\t\t\t\t\t        <div class=\"restly-about-wrapper\">\n            <div class=\"restly-about-content\">\n                                \n                <h6 class=\"restly-about-stitle\"><span>Tend\u00e8ncia<\/span><\/h6>\n                \n                <h2 class=\"restly-about-title\">Endinsa't en el m\u00f3n de les ulleres<\/h2>\n                <div class=\"restly-about-dec\">\n                    <p>Explora l'apassionant m\u00f3n de les ulleres amb les marques m\u00e9s trendy del moment. Des dels dissenys innovadors d'<strong>Ana Hickmann<\/strong> fins a l'eleg\u00e0ncia contempor\u00e0nia d'<strong>Emporio Armani<\/strong>, aquestes marques lideren l'escena de la moda. <strong>Dutz<\/strong>, <strong>Eyepetizer<\/strong> i <strong>Komono<\/strong> ofereixen estils frescos i avantguardistes que reflecteixen les \u00faltimes tend\u00e8ncies, mentre que <strong>Retrosuperfuture<\/strong> captura l'ess\u00e8ncia del streetwear amb els seus dissenys atrevits.<br \/>Endinsa't en l'eco-moda amb <strong>Woodys<\/strong>, o experimenta la innovaci\u00f3 amb <strong>CentroStyle<\/strong>, <strong>I-Green<\/strong> i <strong>Xavier Garcia<\/strong>. Per aquells que busquen un toc d'extravag\u00e0ncia, <strong>Kayros<\/strong>, <strong>Kaleos<\/strong> i <strong>Oxibis<\/strong> ofereixen opcions plenes de personalitat, mentre que <strong>Zen<\/strong> aporta un aire de calma i serenor al teu look.<br \/>Des dels estudis de disseny de <strong>Gigistudios<\/strong> fins a l'artesania meticulosa de <strong>Life Loft<\/strong>, aquestes marques ofereixen una \u00e0mplia gamma d'estils per satisfer tots els gustos i prefer\u00e8ncies. <strong>Lool<\/strong>, <strong>Plein Les Mirettes<\/strong>, <strong>No idols<\/strong> i <strong>Dilem<\/strong> aporten la seva pr\u00f2pia dosi de creativitat i originalitat a la mescla, assegurant que sempre trobis la parella perfecta que s'adapti al teu estil \u00fanic.<\/p>                <\/div>\n            <\/div>\n        <\/div>\n        \t\t\t\t<\/div>\n\t\t\t\t<\/div>\n\t\t\t\t<div class=\"elementor-element elementor-element-d4f6e90 elementor-widget elementor-widget-restly_button\" data-id=\"d4f6e90\" data-element_type=\"widget\" data-widget_type=\"restly_button.default\">\n\t\t\t\t<div class=\"elementor-widget-container\">\n\t\t\t\t\t        <div class=\"restly-button-wrapper\">\n            <div class=\"restly-button\">\n                <a href=\"https:\/\/barcelonaloptica.com\/es\/marques\/\" class=\"theme-btns\"  >Tornar a marques<\/a>\n            <\/div>\n        <\/div>\n        \t\t\t\t<\/div>\n\t\t\t\t<\/div>\n\t\t\t\t\t<\/div>\n\t\t<\/div>\n\t\t\t\t\t<\/div>\n\t\t<\/section>\n\t\t\t\t<\/div>","protected":false},"excerpt":{"rendered":"<p>No Idols Jisco ZEN Armani Lool Dutz Tend\u00e8ncia Endinsa&#8217;t en el m\u00f3n de les ulleres Explora l&#8217;apassionant m\u00f3n de les ulleres amb les marques m\u00e9s trendy del moment. Des dels dissenys innovadors d&#8217;Ana Hickmann fins a l&#8217;eleg\u00e0ncia contempor\u00e0nia d&#8217;Emporio Armani, aquestes marques lideren l&#8217;escena de la moda. Dutz, Eyepetizer i Komono ofereixen estils frescos i [&hellip;]<\/p>","protected":false},"author":1,"featured_media":0,"parent":0,"menu_order":0,"comment_status":"closed","ping_status":"closed","template":"blank-template.php","meta":{"footnotes":""},"class_list":["post-7905","page","type-page","status-publish","hentry"],"_links":{"self":[{"href":"https:\/\/barcelonaloptica.com\/es\/wp-json\/wp\/v2\/pages\/7905","targetHints":{"allow":["GET"]}}],"collection":[{"href":"https:\/\/barcelonaloptica.com\/es\/wp-json\/wp\/v2\/pages"}],"about":[{"href":"https:\/\/barcelonaloptica.com\/es\/wp-json\/wp\/v2\/types\/page"}],"author":[{"embeddable":true,"href":"https:\/\/barcelonaloptica.com\/es\/wp-json\/wp\/v2\/users\/1"}],"replies":[{"embeddable":true,"href":"https:\/\/barcelonaloptica.com\/es\/wp-json\/wp\/v2\/comments?post=7905"}],"version-history":[{"count":10,"href":"https:\/\/barcelonaloptica.com\/es\/wp-json\/wp\/v2\/pages\/7905\/revisions"}],"predecessor-version":[{"id":7954,"href":"https:\/\/barcelonaloptica.com\/es\/wp-json\/wp\/v2\/pages\/7905\/revisions\/7954"}],"wp:attachment":[{"href":"https:\/\/barcelonaloptica.com\/es\/wp-json\/wp\/v2\/media?parent=7905"}],"curies":[{"name":"wp","href":"https:\/\/api.w.org\/{rel}","templated":true}]}}