{"id":7992,"date":"2024-07-26T10:10:24","date_gmt":"2024-07-26T10:10:24","guid":{"rendered":"https:\/\/barcelonaloptica.com\/?page_id=7992"},"modified":"2024-07-30T14:54:50","modified_gmt":"2024-07-30T14:54:50","slug":"ulleres-esportives","status":"publish","type":"page","link":"https:\/\/barcelonaloptica.com\/es\/ulleres-esportives\/","title":{"rendered":"Ulleres esportives"},"content":{"rendered":"<div data-elementor-type=\"wp-page\" data-elementor-id=\"7992\" class=\"elementor elementor-7992\">\n\t\t\t\t\t\t<section class=\"elementor-section elementor-top-section elementor-element elementor-element-d2fce5d elementor-section-boxed elementor-section-height-default elementor-section-height-default\" data-id=\"d2fce5d\" data-element_type=\"section\">\n\t\t\t\t\t\t<div class=\"elementor-container elementor-column-gap-default\">\n\t\t\t\t\t<div class=\"elementor-column elementor-col-50 elementor-top-column elementor-element elementor-element-601124a\" data-id=\"601124a\" data-element_type=\"column\">\n\t\t\t<div class=\"elementor-widget-wrap elementor-element-populated\">\n\t\t\t\t\t\t<div class=\"elementor-element elementor-element-db9c76c elementor-pagination-position-outside elementor-invisible elementor-widget elementor-widget-image-carousel\" data-id=\"db9c76c\" data-element_type=\"widget\" data-settings=\"{&quot;slides_to_show&quot;:&quot;1&quot;,&quot;navigation&quot;:&quot;dots&quot;,&quot;_animation&quot;:&quot;fadeInRight&quot;,&quot;autoplay&quot;:&quot;yes&quot;,&quot;pause_on_hover&quot;:&quot;yes&quot;,&quot;pause_on_interaction&quot;:&quot;yes&quot;,&quot;autoplay_speed&quot;:5000,&quot;infinite&quot;:&quot;yes&quot;,&quot;effect&quot;:&quot;slide&quot;,&quot;speed&quot;:500}\" data-widget_type=\"image-carousel.default\">\n\t\t\t\t<div class=\"elementor-widget-container\">\n\t\t\t\t\t\t\t<div class=\"elementor-image-carousel-wrapper swiper\" role=\"region\" aria-roledescription=\"carousel\" aria-label=\"Carrusel d&#039;imatges\" dir=\"ltr\">\n\t\t\t<div class=\"elementor-image-carousel swiper-wrapper\" aria-live=\"off\">\n\t\t\t\t\t\t\t\t<div class=\"swiper-slide\" role=\"group\" aria-roledescription=\"slide\" aria-label=\"1 de 8\"><figure class=\"swiper-slide-inner\"><img decoding=\"async\" class=\"swiper-slide-image\" src=\"https:\/\/barcelonaloptica.com\/wp-content\/uploads\/2024\/07\/gafes-esportives_0004_Oklay.jpg\" alt=\"Oakley\" \/><figcaption class=\"elementor-image-carousel-caption\">Oakley<\/figcaption><\/figure><\/div><div class=\"swiper-slide\" role=\"group\" aria-roledescription=\"slide\" aria-label=\"2 de 8\"><figure class=\"swiper-slide-inner\"><img decoding=\"async\" class=\"swiper-slide-image\" src=\"https:\/\/barcelonaloptica.com\/wp-content\/uploads\/2024\/07\/gafes-esportives_0002_Arnette.jpg\" alt=\"Arnette\" \/><figcaption class=\"elementor-image-carousel-caption\">Arnette<\/figcaption><\/figure><\/div><div class=\"swiper-slide\" role=\"group\" aria-roledescription=\"slide\" aria-label=\"3 de 8\"><figure class=\"swiper-slide-inner\"><img decoding=\"async\" class=\"swiper-slide-image\" src=\"https:\/\/barcelonaloptica.com\/wp-content\/uploads\/2024\/07\/gafes-esportives_0005_Oakley.jpg\" alt=\"Oakley\" \/><figcaption class=\"elementor-image-carousel-caption\">Oakley<\/figcaption><\/figure><\/div><div class=\"swiper-slide\" role=\"group\" aria-roledescription=\"slide\" aria-label=\"4 de 8\"><figure class=\"swiper-slide-inner\"><img decoding=\"async\" class=\"swiper-slide-image\" src=\"https:\/\/barcelonaloptica.com\/wp-content\/uploads\/2024\/07\/gafes-esportives_0003_Arnette.jpg\" alt=\"Arnette\" \/><figcaption class=\"elementor-image-carousel-caption\">Arnette<\/figcaption><\/figure><\/div><div class=\"swiper-slide\" role=\"group\" aria-roledescription=\"slide\" aria-label=\"5 de 8\"><figure class=\"swiper-slide-inner\"><img decoding=\"async\" class=\"swiper-slide-image\" src=\"https:\/\/barcelonaloptica.com\/wp-content\/uploads\/2024\/07\/gafes-esportives_0001_Arnette.jpg\" alt=\"Arnette\" \/><figcaption class=\"elementor-image-carousel-caption\">Arnette<\/figcaption><\/figure><\/div><div class=\"swiper-slide\" role=\"group\" aria-roledescription=\"slide\" aria-label=\"6 de 8\"><figure class=\"swiper-slide-inner\"><img decoding=\"async\" class=\"swiper-slide-image\" src=\"https:\/\/barcelonaloptica.com\/wp-content\/uploads\/2024\/07\/gafes-esportives_0000_Arnette.jpg\" alt=\"Arnette\" \/><figcaption class=\"elementor-image-carousel-caption\">Arnette<\/figcaption><\/figure><\/div><div class=\"swiper-slide\" role=\"group\" aria-roledescription=\"slide\" aria-label=\"7 de 8\"><figure class=\"swiper-slide-inner\"><img decoding=\"async\" class=\"swiper-slide-image\" src=\"https:\/\/barcelonaloptica.com\/wp-content\/uploads\/2024\/07\/gafes-esportives_0006_Oakley.jpg\" alt=\"Oakley\" \/><figcaption class=\"elementor-image-carousel-caption\">Oakley<\/figcaption><\/figure><\/div><div class=\"swiper-slide\" role=\"group\" aria-roledescription=\"slide\" aria-label=\"8 de 8\"><figure class=\"swiper-slide-inner\"><img decoding=\"async\" class=\"swiper-slide-image\" src=\"https:\/\/barcelonaloptica.com\/wp-content\/uploads\/2024\/07\/gafes-esportives_0007_Oakley.jpg\" alt=\"Oakley\" \/><figcaption class=\"elementor-image-carousel-caption\">Oakley<\/figcaption><\/figure><\/div>\t\t\t<\/div>\n\t\t\t\t\t\t\t\n\t\t\t\t\t\t\t\t\t<div class=\"swiper-pagination\"><\/div>\n\t\t\t\t\t\t\t\t\t<\/div>\n\t\t\t\t\t\t<\/div>\n\t\t\t\t<\/div>\n\t\t\t\t<div class=\"elementor-element elementor-element-1951aa3 elementor-widget elementor-widget-restly_dot_shape\" data-id=\"1951aa3\" data-element_type=\"widget\" data-widget_type=\"restly_dot_shape.default\">\n\t\t\t\t<div class=\"elementor-widget-container\">\n\t\t\t\t\t        <div class=\"dot-shapes shape_dots dot-animate shapeanimation\"><\/div>\n        \t\t\t\t<\/div>\n\t\t\t\t<\/div>\n\t\t\t\t\t<\/div>\n\t\t<\/div>\n\t\t\t\t<div class=\"elementor-column elementor-col-50 elementor-top-column elementor-element elementor-element-be9ae58\" data-id=\"be9ae58\" data-element_type=\"column\">\n\t\t\t<div class=\"elementor-widget-wrap elementor-element-populated\">\n\t\t\t\t\t\t<div class=\"elementor-element elementor-element-e917209 elementor-widget elementor-widget-restly_about\" data-id=\"e917209\" data-element_type=\"widget\" data-widget_type=\"restly_about.default\">\n\t\t\t\t<div class=\"elementor-widget-container\">\n\t\t\t\t\t        <div class=\"restly-about-wrapper\">\n            <div class=\"restly-about-content\">\n                                \n                <h6 class=\"restly-about-stitle\"><span>Polival\u00e8ncia funcional<\/span><\/h6>\n                \n                <h2 class=\"restly-about-title\">Estil esportiu a la teva mirada<\/h2>\n                <div class=\"restly-about-dec\">\n                    <div class=\"flex flex-grow flex-col max-w-full\"><div class=\"min-h-[20px] text-message flex flex-col items-start gap-3 whitespace-pre-wrap break-words [.text-message+&amp;]:mt-5 overflow-x-auto\"><div class=\"markdown prose w-full break-words dark:prose-invert light\"><p>Descobreix la millor selecci\u00f3 d'ulleres esportives amb les marques l\u00edders <strong>Oakley<\/strong> i <strong>Arnette<\/strong>. Dissenyades per oferir m\u00e0xima protecci\u00f3 i rendiment, aquestes ulleres s\u00f3n ideals per a qualsevol esport, des del ciclisme fins a l'esqu\u00ed i molt m\u00e9s.<\/p><p><strong>Oakley<\/strong> \u00e9s reconeguda per la seva innovaci\u00f3 tecnol\u00f2gica i estil avan\u00e7at. Les seves ulleres esportives combinen materials d'alta qualitat amb lents d'\u00faltima generaci\u00f3, proporcionant una visi\u00f3 clara i n\u00edtida en qualsevol condici\u00f3. A m\u00e9s, ofereixen una protecci\u00f3 \u00f2ptima contra els raigs UV, fent-les indispensables per als que busquen excel\u00b7l\u00e8ncia i seguretat.<\/p><p><strong>Arnette<\/strong>, per la seva banda, \u00e9s sin\u00f2nim de durabilitat i estil urb\u00e0. Les seves ulleres esportives s\u00f3n perfectes per als qui desitgen un toc modern sense renunciar a la funcionalitat. Amb dissenys ergon\u00f2mics i lents resistents, <strong>Arnette<\/strong> garanteix comoditat i resist\u00e8ncia.<\/p><p>Tria entre una \u00e0mplia gamma de models i colors per trobar les ulleres esportives que millor s'adaptin a les teves necessitats. Amb <strong>Oakley<\/strong> i <strong>Arnette<\/strong>, tindr\u00e0s l'equipament perfecte amb estil i protecci\u00f3. Explora la nostra col\u00b7lecci\u00f3 i aconsegueix el millor estil esportiu avui mateix!<\/p><\/div><\/div><\/div>                <\/div>\n            <\/div>\n        <\/div>\n        \t\t\t\t<\/div>\n\t\t\t\t<\/div>\n\t\t\t\t<div class=\"elementor-element elementor-element-d4f6e90 elementor-widget elementor-widget-restly_button\" data-id=\"d4f6e90\" data-element_type=\"widget\" data-widget_type=\"restly_button.default\">\n\t\t\t\t<div class=\"elementor-widget-container\">\n\t\t\t\t\t        <div class=\"restly-button-wrapper\">\n            <div class=\"restly-button\">\n                <a href=\"https:\/\/barcelonaloptica.com\/es\/marques\/\" class=\"theme-btns\"  >Tornar a marques<\/a>\n            <\/div>\n        <\/div>\n        \t\t\t\t<\/div>\n\t\t\t\t<\/div>\n\t\t\t\t\t<\/div>\n\t\t<\/div>\n\t\t\t\t\t<\/div>\n\t\t<\/section>\n\t\t\t\t<\/div>","protected":false},"excerpt":{"rendered":"<p>Oakley Arnette Oakley Arnette Arnette Arnette Oakley Oakley Polival\u00e8ncia funcional Estil esportiu a la teva mirada Descobreix la millor selecci\u00f3 d&#8217;ulleres esportives amb les marques l\u00edders Oakley i Arnette. Dissenyades per oferir m\u00e0xima protecci\u00f3 i rendiment, aquestes ulleres s\u00f3n ideals per a qualsevol esport, des del ciclisme fins a l&#8217;esqu\u00ed i molt m\u00e9s. Oakley \u00e9s [&hellip;]<\/p>","protected":false},"author":1,"featured_media":0,"parent":0,"menu_order":0,"comment_status":"closed","ping_status":"closed","template":"blank-template.php","meta":{"footnotes":""},"class_list":["post-7992","page","type-page","status-publish","hentry"],"_links":{"self":[{"href":"https:\/\/barcelonaloptica.com\/es\/wp-json\/wp\/v2\/pages\/7992","targetHints":{"allow":["GET"]}}],"collection":[{"href":"https:\/\/barcelonaloptica.com\/es\/wp-json\/wp\/v2\/pages"}],"about":[{"href":"https:\/\/barcelonaloptica.com\/es\/wp-json\/wp\/v2\/types\/page"}],"author":[{"embeddable":true,"href":"https:\/\/barcelonaloptica.com\/es\/wp-json\/wp\/v2\/users\/1"}],"replies":[{"embeddable":true,"href":"https:\/\/barcelonaloptica.com\/es\/wp-json\/wp\/v2\/comments?post=7992"}],"version-history":[{"count":10,"href":"https:\/\/barcelonaloptica.com\/es\/wp-json\/wp\/v2\/pages\/7992\/revisions"}],"predecessor-version":[{"id":8012,"href":"https:\/\/barcelonaloptica.com\/es\/wp-json\/wp\/v2\/pages\/7992\/revisions\/8012"}],"wp:attachment":[{"href":"https:\/\/barcelonaloptica.com\/es\/wp-json\/wp\/v2\/media?parent=7992"}],"curies":[{"name":"wp","href":"https:\/\/api.w.org\/{rel}","templated":true}]}}