{"id":8061,"date":"2024-07-30T14:42:17","date_gmt":"2024-07-30T14:42:17","guid":{"rendered":"https:\/\/barcelonaloptica.com\/?page_id=8061"},"modified":"2024-07-30T14:52:17","modified_gmt":"2024-07-30T14:52:17","slug":"avis-legal","status":"publish","type":"page","link":"https:\/\/barcelonaloptica.com\/es\/avis-legal\/","title":{"rendered":"Av\u00eds legal"},"content":{"rendered":"<div data-elementor-type=\"wp-page\" data-elementor-id=\"8061\" class=\"elementor elementor-8061\">\n\t\t\t\t\t\t<section class=\"elementor-section elementor-top-section elementor-element elementor-element-d2fce5d elementor-section-boxed elementor-section-height-default elementor-section-height-default\" data-id=\"d2fce5d\" data-element_type=\"section\">\n\t\t\t\t\t\t<div class=\"elementor-container elementor-column-gap-default\">\n\t\t\t\t\t<div class=\"elementor-column elementor-col-50 elementor-top-column elementor-element elementor-element-601124a\" data-id=\"601124a\" data-element_type=\"column\">\n\t\t\t<div class=\"elementor-widget-wrap elementor-element-populated\">\n\t\t\t\t\t\t<div class=\"elementor-element elementor-element-1951aa3 elementor-widget elementor-widget-restly_dot_shape\" data-id=\"1951aa3\" data-element_type=\"widget\" data-widget_type=\"restly_dot_shape.default\">\n\t\t\t\t<div class=\"elementor-widget-container\">\n\t\t\t\t\t        <div class=\"dot-shapes shape_dots dot-animate shapeanimation\"><\/div>\n        \t\t\t\t<\/div>\n\t\t\t\t<\/div>\n\t\t\t\t\t<\/div>\n\t\t<\/div>\n\t\t\t\t<div class=\"elementor-column elementor-col-50 elementor-top-column elementor-element elementor-element-be9ae58\" data-id=\"be9ae58\" data-element_type=\"column\">\n\t\t\t<div class=\"elementor-widget-wrap elementor-element-populated\">\n\t\t\t\t\t\t<div class=\"elementor-element elementor-element-e917209 elementor-widget elementor-widget-restly_about\" data-id=\"e917209\" data-element_type=\"widget\" data-widget_type=\"restly_about.default\">\n\t\t\t\t<div class=\"elementor-widget-container\">\n\t\t\t\t\t        <div class=\"restly-about-wrapper\">\n            <div class=\"restly-about-content\">\n                                \n                <h6 class=\"restly-about-stitle\"><span><\/span><\/h6>\n                \n                <h2 class=\"restly-about-title\">Av\u00eds legal\n<\/h2>\n                <div class=\"restly-about-dec\">\n                    <div class=\"flex flex-grow flex-col max-w-full\"><div class=\"min-h-[20px] text-message flex flex-col items-start gap-3 whitespace-pre-wrap break-words [.text-message+&amp;]:mt-5 overflow-x-auto\"><div class=\"markdown prose w-full break-words dark:prose-invert light\"><p>En compliment amb el deure d'informaci\u00f3 recollit a l'article 10 de la Llei 34\/2002, de l'11 de juliol, de Serveis de la Societat de la Informaci\u00f3 i del Comer\u00e7 Electr\u00f2nic (LSSICE), el propietari del web li informa del seg\u00fcent:<\/p><ul><li>Denominaci\u00f3 social: COLLBA SCP<\/li><li>Domicili: Diputaci\u00f3 282 Barcelona, Espanya<\/li><\/ul><p>Amb els l\u00edmits establerts a la llei, COLLBA SCP no assumeix cap responsabilitat derivada de la falta de veracitat, integritat, actualitzaci\u00f3 i precisi\u00f3 de les dades o informacions que cont\u00e9 la seva p\u00e0gina web.<\/p><p>Els continguts i informaci\u00f3 no vinculen a COLLBA SCP ni constitueixen opinions, consells o assessorament legal de cap tipus ja que es tracta merament d'un servei ofert amb car\u00e0cter informatiu i divulgatiu.<\/p><p>La p\u00e0gina d'Internet de COLLBA SCP pot contenir enlla\u00e7os (links) a altres p\u00e0gines de terceres parts que COLLBA SCP no pot controlar. Per tant, COLLBA SCP no pot assumir responsabilitats pel contingut que pugui apar\u00e8ixer en p\u00e0gines de tercers.<\/p><p>Els textos, imatges, sons, animacions, programari i la resta de continguts inclosos en aquest web s\u00f3n propietat exclusiva de COLLBA SCP o dels seus llicenciants. Qualsevol acte de transmissi\u00f3, distribuci\u00f3, cessi\u00f3, reproducci\u00f3, emmagatzematge o comunicaci\u00f3 p\u00fablica total o parcial, haur\u00e0 de comptar amb el consentiment expr\u00e9s de COLLBA SCP.<\/p><p>Aix\u00ed mateix, per accedir a alguns dels serveis que COLLBA SCP ofereix a trav\u00e9s del lloc web, haur\u00e0 de proporcionar algunes dades de car\u00e0cter personal. En compliment del que estableix el Reglament (UE) 2016\/679 del Parlament Europeu i del Consell, de 27 d'abril de 2016, relatiu a la protecci\u00f3 de les persones f\u00edsiques pel que fa al tractament de dades personals i a la lliure circulaci\u00f3 d'aquestes dades, l'informem que, mitjan\u00e7ant la complementaci\u00f3 dels presents formularis, les seves dades personals quedaran incorporades i seran tractades en els fitxers de COLLBA SCP amb la finalitat de poder-li prestar i oferir els nostres serveis aix\u00ed com per informar-lo de les millores del lloc web.<\/p><p>L'informem tamb\u00e9 que tindr\u00e0 la possibilitat en tot moment d'exercir els drets d'acc\u00e9s, rectificaci\u00f3, cancel\u00b7laci\u00f3, oposici\u00f3, limitaci\u00f3 i portabilitat de les seves dades de car\u00e0cter personal, de manera gratu\u00efta mitjan\u00e7ant correu electr\u00f2nic a: lopticadiputacio282@gmail.com o a l'adre\u00e7a: Diputaci\u00f3 282, Barcelona, Espanya.<\/p><p>\u00a0<\/p><p>\u00a0<\/p><\/div><\/div><\/div>                <\/div>\n            <\/div>\n        <\/div>\n        \t\t\t\t<\/div>\n\t\t\t\t<\/div>\n\t\t\t\t\t<\/div>\n\t\t<\/div>\n\t\t\t\t\t<\/div>\n\t\t<\/section>\n\t\t\t\t<\/div>","protected":false},"excerpt":{"rendered":"<p>Av\u00eds legal En compliment amb el deure d&#8217;informaci\u00f3 recollit a l&#8217;article 10 de la Llei 34\/2002, de l&#8217;11 de juliol, de Serveis de la Societat de la Informaci\u00f3 i del Comer\u00e7 Electr\u00f2nic (LSSICE), el propietari del web li informa del seg\u00fcent: Denominaci\u00f3 social: COLLBA SCP Domicili: Diputaci\u00f3 282 Barcelona, Espanya Amb els l\u00edmits establerts a [&hellip;]<\/p>","protected":false},"author":1,"featured_media":0,"parent":0,"menu_order":0,"comment_status":"closed","ping_status":"closed","template":"blank-template.php","meta":{"footnotes":""},"class_list":["post-8061","page","type-page","status-publish","hentry"],"_links":{"self":[{"href":"https:\/\/barcelonaloptica.com\/es\/wp-json\/wp\/v2\/pages\/8061","targetHints":{"allow":["GET"]}}],"collection":[{"href":"https:\/\/barcelonaloptica.com\/es\/wp-json\/wp\/v2\/pages"}],"about":[{"href":"https:\/\/barcelonaloptica.com\/es\/wp-json\/wp\/v2\/types\/page"}],"author":[{"embeddable":true,"href":"https:\/\/barcelonaloptica.com\/es\/wp-json\/wp\/v2\/users\/1"}],"replies":[{"embeddable":true,"href":"https:\/\/barcelonaloptica.com\/es\/wp-json\/wp\/v2\/comments?post=8061"}],"version-history":[{"count":4,"href":"https:\/\/barcelonaloptica.com\/es\/wp-json\/wp\/v2\/pages\/8061\/revisions"}],"predecessor-version":[{"id":8065,"href":"https:\/\/barcelonaloptica.com\/es\/wp-json\/wp\/v2\/pages\/8061\/revisions\/8065"}],"wp:attachment":[{"href":"https:\/\/barcelonaloptica.com\/es\/wp-json\/wp\/v2\/media?parent=8061"}],"curies":[{"name":"wp","href":"https:\/\/api.w.org\/{rel}","templated":true}]}}