{"id":8068,"date":"2024-07-30T14:58:37","date_gmt":"2024-07-30T14:58:37","guid":{"rendered":"https:\/\/barcelonaloptica.com\/?page_id=8068"},"modified":"2024-07-30T15:02:04","modified_gmt":"2024-07-30T15:02:04","slug":"politica-de-privacitat","status":"publish","type":"page","link":"https:\/\/barcelonaloptica.com\/es\/politica-de-privacitat\/","title":{"rendered":"Pol\u00edtica de privacitat"},"content":{"rendered":"<div data-elementor-type=\"wp-page\" data-elementor-id=\"8068\" class=\"elementor elementor-8068\">\n\t\t\t\t\t\t<section class=\"elementor-section elementor-top-section elementor-element elementor-element-d2fce5d elementor-section-boxed elementor-section-height-default elementor-section-height-default\" data-id=\"d2fce5d\" data-element_type=\"section\">\n\t\t\t\t\t\t<div class=\"elementor-container elementor-column-gap-default\">\n\t\t\t\t\t<div class=\"elementor-column elementor-col-50 elementor-top-column elementor-element elementor-element-601124a\" data-id=\"601124a\" data-element_type=\"column\">\n\t\t\t<div class=\"elementor-widget-wrap elementor-element-populated\">\n\t\t\t\t\t\t<div class=\"elementor-element elementor-element-1951aa3 elementor-widget elementor-widget-restly_dot_shape\" data-id=\"1951aa3\" data-element_type=\"widget\" data-widget_type=\"restly_dot_shape.default\">\n\t\t\t\t<div class=\"elementor-widget-container\">\n\t\t\t\t\t        <div class=\"dot-shapes shape_dots dot-animate shapeanimation\"><\/div>\n        \t\t\t\t<\/div>\n\t\t\t\t<\/div>\n\t\t\t\t\t<\/div>\n\t\t<\/div>\n\t\t\t\t<div class=\"elementor-column elementor-col-50 elementor-top-column elementor-element elementor-element-be9ae58\" data-id=\"be9ae58\" data-element_type=\"column\">\n\t\t\t<div class=\"elementor-widget-wrap elementor-element-populated\">\n\t\t\t\t\t\t<div class=\"elementor-element elementor-element-e917209 elementor-widget elementor-widget-restly_about\" data-id=\"e917209\" data-element_type=\"widget\" data-widget_type=\"restly_about.default\">\n\t\t\t\t<div class=\"elementor-widget-container\">\n\t\t\t\t\t        <div class=\"restly-about-wrapper\">\n            <div class=\"restly-about-content\">\n                                \n                <h6 class=\"restly-about-stitle\"><span><\/span><\/h6>\n                \n                <h2 class=\"restly-about-title\">Pol\u00edtica de privacitat<\/h2>\n                <div class=\"restly-about-dec\">\n                    <div class=\"flex flex-grow flex-col max-w-full\"><div class=\"min-h-[20px] text-message flex flex-col items-start gap-3 whitespace-pre-wrap break-words [.text-message+&amp;]:mt-5 overflow-x-auto\"><div class=\"markdown prose w-full break-words dark:prose-invert light\"><p><strong>Protecci\u00f3 de dades de car\u00e0cter personal segons el RGPD<\/strong><\/p><p>COLLBA SCP, en aplicaci\u00f3 de la normativa vigent en mat\u00e8ria de protecci\u00f3 de dades de car\u00e0cter personal, informa que les dades personals que es recullen a trav\u00e9s dels formularis del lloc web: <a href=\"https:\/\/barcelonaloptica.com\/es\/\">https:\/\/barcelonaloptica.com<\/a>, s'inclouen en els fitxers automatitzats espec\u00edfics d'usuaris dels serveis de COLLBA SCP.<\/p><p>La recollida i tractament automatitzat de les dades de car\u00e0cter personal t\u00e9 com a finalitat el manteniment de la relaci\u00f3 comercial i el desenvolupament de tasques d'informaci\u00f3, formaci\u00f3, assessorament i altres activitats pr\u00f2pies de COLLBA SCP.<\/p><p>Aquestes dades \u00fanicament seran cedides a aquelles entitats que siguin necess\u00e0ries amb l'\u00fanic objectiu de donar compliment a la finalitat anteriorment esmentada.<\/p><p>COLLBA SCP adopta les mesures necess\u00e0ries per garantir la seguretat, integritat i confidencialitat de les dades conforme al que disposa el Reglament (UE) 2016\/679 del Parlament Europeu i del Consell, de 27 d'abril de 2016, relatiu a la protecci\u00f3 de les persones f\u00edsiques pel que fa al tractament de dades personals i a la lliure circulaci\u00f3 d'aquestes dades, i derogant l'antiga LOPD, la nova Llei Org\u00e0nica 3\/2018, de 5 de desembre, de Protecci\u00f3 de Dades i Garantia dels Drets Digitals (LOPDGDD).<\/p><p>L'usuari podr\u00e0 en qualsevol moment exercir els drets d'acc\u00e9s, oposici\u00f3, rectificaci\u00f3, cancel\u00b7laci\u00f3, limitaci\u00f3 i portabilitat reconeguts en el citat Reglament (UE). L'exercici d'aquests drets pot realitzar-lo el mateix usuari a trav\u00e9s de correu electr\u00f2nic a: lopticadiputacio282@gmail.com o a l'adre\u00e7a: Diputaci\u00f3 282, Barcelona, Espanya.<\/p><p>L'usuari manifesta que totes les dades facilitades per ell s\u00f3n certes i correctes, i es compromet a mantenir-les actualitzades, comunicant els canvis a COLLBA SCP.<\/p><p><strong>Finalitat del tractament de les dades personals:<\/strong><\/p><p><strong>Amb quina finalitat tractarem les teves dades personals?<\/strong><\/p><p>A COLLBA SCP, tractarem les teves dades personals recollides a trav\u00e9s del lloc web: <a href=\"https:\/\/barcelonaloptica.com\/es\/\">https:\/\/barcelonaloptica.com<\/a>, amb les seg\u00fcents finalitats:<\/p><ul><li>Enviament d'informaci\u00f3 comercial i butlletins sobre nous productes oferts al web.<\/li><li>Facilitar la informaci\u00f3 sol\u00b7licitada per l'usuari a trav\u00e9s del formulari de contacte.<\/li><\/ul><p>Et recordem que pots oposar-te a l'enviament de comunicacions comercials per qualsevol via i en qualsevol moment, remetent un correu electr\u00f2nic a l'adre\u00e7a anteriorment indicada.<\/p><p>Els camps d'aquests registres s\u00f3n de complimentaci\u00f3 obligat\u00f2ria, sent impossible realitzar les finalitats expressades si no s'aporten aquestes dades.<\/p><p><strong>Per quant de temps es conserven les dades personals recollides?<\/strong><\/p><p>Les dades personals proporcionades es conservaran mentre es mantingui la relaci\u00f3 comercial o no sol\u00b7licitis la seva supressi\u00f3 i durant el termini pel qual poguessin derivar-se responsabilitats legals pels serveis prestats.<\/p><p><strong>Legitimaci\u00f3:<\/strong><\/p><p>El tractament de les teves dades es realitza amb les seg\u00fcents bases jur\u00eddiques que legitimen el mateix:<\/p><ul><li>La sol\u00b7licitud d'informaci\u00f3 i\/o la contractaci\u00f3 dels serveis de COLLBA SCP, els termes i condicions dels quals es posaran a la teva disposici\u00f3 en tot cas, de forma pr\u00e8via a una eventual contractaci\u00f3.<\/li><li>El consentiment lliure, espec\u00edfic, informat i inequ\u00edvoc, en tant que t'informem posant a la teva disposici\u00f3 la present pol\u00edtica de privacitat, que despr\u00e9s de la lectura de la mateixa, en cas d'estar conforme, pots acceptar mitjan\u00e7ant una declaraci\u00f3 o una clara acci\u00f3 afirmativa, com el marcatge d'una casella disposada a aquest efecte.<\/li><\/ul><p>En cas que no ens facilitis les teves dades o ho facis de forma err\u00f2nia o incompleta, no podrem atendre la teva sol\u00b7licitud, resultant del tot impossible proporcionar-te la informaci\u00f3 sol\u00b7licitada o dur a terme la contractaci\u00f3 dels serveis.<\/p><p><strong>Destinataris:<\/strong><\/p><p>Les dades no es comunicaran a cap tercer ali\u00e8 a COLLBA SCP, excepte per obligaci\u00f3 legal.<\/p><p><strong>Dades recopilades per usuaris dels serveis<\/strong><\/p><p>En els casos en qu\u00e8 l'usuari inclogui fitxers amb dades de car\u00e0cter personal en els servidors d'allotjament compartit, COLLBA SCP no es fa responsable de l'incompliment per part de l'usuari del RGPD.<\/p><p><strong>Drets de propietat intel\u00b7lectual <\/strong>https:\/\/barcelonaloptica.com<\/p><p>COLLBA SCP \u00e9s titular de tots els drets d'autor, propietat intel\u00b7lectual, industrial, \"know-how\" i quants altres drets guarden relaci\u00f3 amb els continguts del lloc web <a href=\"https:\/\/www.sublimet.com\/\">\u00a0https:\/\/barcelonaloptica.com <\/a>\u00a0i els serveis oferts en el mateix, aix\u00ed com dels programes necessaris per a la seva implementaci\u00f3 i la informaci\u00f3 relacionada.<\/p><p>No es permet la reproducci\u00f3, publicaci\u00f3 i\/o \u00fas no estrictament privat dels continguts, totals o parcials, del lloc web <a href=\"https:\/\/barcelonaloptica.com\/es\/\">https:\/\/barcelonaloptica.com<\/a> sense el consentiment previ i per escrit.<\/p><p><strong>Propietat intel\u00b7lectual del programari<\/strong><\/p><p>L'usuari ha de respectar els programes de tercers posats a la seva disposici\u00f3 per COLLBA SCP, encara que siguin gratu\u00efts i\/o de disposici\u00f3 p\u00fablica.<\/p><p>COLLBA SCP disposa dels drets d'explotaci\u00f3 i propietat intel\u00b7lectual necessaris del programari.<\/p><p>L'usuari no adquireix cap dret o llic\u00e8ncia pel servei contractat, sobre el programari necessari per a la prestaci\u00f3 del servei, ni tampoc sobre la informaci\u00f3 t\u00e8cnica de seguiment del servei, excepte dels drets i llic\u00e8ncies necessaris per al compliment dels serveis contractats i \u00fanicament durant la durada dels mateixos.<\/p><p>Per a tota actuaci\u00f3 que excedeixi del compliment del contracte, l'usuari necessitar\u00e0 autoritzaci\u00f3 per escrit per part de COLLBA SCP, quedant prohibit a l'usuari accedir, modificar, visualitzar la configuraci\u00f3, estructura i fitxers dels servidors propietat de COLLBA SCP, assumint la responsabilitat civil i penal derivada de qualsevol incid\u00e8ncia que es pogu\u00e9s produir en els servidors i sistemes de seguretat com a conseq\u00fc\u00e8ncia directa d'una actuaci\u00f3 negligent o malintencionada per la seva part.<\/p><p><strong>Propietat intel\u00b7lectual dels continguts allotjats<\/strong><\/p><p>Es prohibeix l'\u00fas contrari a la legislaci\u00f3 sobre propietat intel\u00b7lectual dels serveis prestats per COLLBA SCP i, en particular de:<\/p><ul><li>La utilitzaci\u00f3 que resulti contr\u00e0ria a les lleis espanyoles o que infringeixi els drets de tercers.<\/li><li>La publicaci\u00f3 o la transmissi\u00f3 de qualsevol contingut que, a judici de COLLBA SCP, resulti violent, obsc\u00e8, abusiu, il\u00b7legal, racial, xen\u00f2fob o difamatori.<\/li><li>Els cracks, n\u00fameros de s\u00e8rie de programes o qualsevol altre contingut que vulneri drets de la propietat intel\u00b7lectual de tercers.<\/li><li>La recollida i\/o utilitzaci\u00f3 de dades personals d'altres usuaris sense el seu consentiment expr\u00e9s o contravenint el que disposa el Reglament (UE) 2016\/679 del Parlament Europeu i del Consell, de 27 d'abril de 2016, relatiu a la protecci\u00f3 de les persones f\u00edsiques pel que fa al tractament de dades personals i a la lliure circulaci\u00f3 d'aquestes dades.<\/li><li>La utilitzaci\u00f3 del servidor de correu del domini i de les adreces de correu electr\u00f2nic per a l'enviament de correu massiu no desitjat.<\/li><\/ul><p>L'usuari t\u00e9 tota la responsabilitat sobre el contingut de la seva web, la informaci\u00f3 transmesa i emmagatzemada, els enlla\u00e7os d'hipertext, les reivindicacions de tercers i les accions legals en refer\u00e8ncia a propietat intel\u00b7lectual, drets de tercers i protecci\u00f3 de menors.<\/p><p>L'usuari \u00e9s responsable respecte a les lleis i reglaments en vigor i les regles que tenen a veure amb el funcionament del servei online, comer\u00e7 electr\u00f2nic, drets d'autor, manteniment de l'ordre p\u00fablic, aix\u00ed com principis universals d'\u00fas d'Internet.<\/p><p>L'usuari indemnitzar\u00e0 a COLLBA SCP per les despeses que generi la imputaci\u00f3 de COLLBA SCP en alguna causa la responsabilitat de la qual fos atribu\u00efble a l'usuari, inclosos honoraris i despeses de defensa jur\u00eddica<\/p><\/div><\/div><\/div>                <\/div>\n            <\/div>\n        <\/div>\n        \t\t\t\t<\/div>\n\t\t\t\t<\/div>\n\t\t\t\t\t<\/div>\n\t\t<\/div>\n\t\t\t\t\t<\/div>\n\t\t<\/section>\n\t\t\t\t<\/div>","protected":false},"excerpt":{"rendered":"<p>Pol\u00edtica de privacitat Protecci\u00f3 de dades de car\u00e0cter personal segons el RGPD COLLBA SCP, en aplicaci\u00f3 de la normativa vigent en mat\u00e8ria de protecci\u00f3 de dades de car\u00e0cter personal, informa que les dades personals que es recullen a trav\u00e9s dels formularis del lloc web: https:\/\/barcelonaloptica.com, s&#8217;inclouen en els fitxers automatitzats espec\u00edfics d&#8217;usuaris dels serveis de [&hellip;]<\/p>","protected":false},"author":1,"featured_media":0,"parent":0,"menu_order":0,"comment_status":"closed","ping_status":"closed","template":"blank-template.php","meta":{"footnotes":""},"class_list":["post-8068","page","type-page","status-publish","hentry"],"_links":{"self":[{"href":"https:\/\/barcelonaloptica.com\/es\/wp-json\/wp\/v2\/pages\/8068","targetHints":{"allow":["GET"]}}],"collection":[{"href":"https:\/\/barcelonaloptica.com\/es\/wp-json\/wp\/v2\/pages"}],"about":[{"href":"https:\/\/barcelonaloptica.com\/es\/wp-json\/wp\/v2\/types\/page"}],"author":[{"embeddable":true,"href":"https:\/\/barcelonaloptica.com\/es\/wp-json\/wp\/v2\/users\/1"}],"replies":[{"embeddable":true,"href":"https:\/\/barcelonaloptica.com\/es\/wp-json\/wp\/v2\/comments?post=8068"}],"version-history":[{"count":4,"href":"https:\/\/barcelonaloptica.com\/es\/wp-json\/wp\/v2\/pages\/8068\/revisions"}],"predecessor-version":[{"id":8073,"href":"https:\/\/barcelonaloptica.com\/es\/wp-json\/wp\/v2\/pages\/8068\/revisions\/8073"}],"wp:attachment":[{"href":"https:\/\/barcelonaloptica.com\/es\/wp-json\/wp\/v2\/media?parent=8068"}],"curies":[{"name":"wp","href":"https:\/\/api.w.org\/{rel}","templated":true}]}}